{"id":1191,"date":"2024-06-14T12:56:09","date_gmt":"2024-06-14T12:56:09","guid":{"rendered":"https:\/\/forty.dk\/?page_id=1191"},"modified":"2025-07-23T07:28:30","modified_gmt":"2025-07-23T07:28:30","slug":"firkantturneringen-2024","status":"publish","type":"page","link":"http:\/\/forty.dk\/?page_id=1191","title":{"rendered":"Firkantturneringen 2024"},"content":{"rendered":"\n<figure class=\"wp-block-image size-full\"><img loading=\"lazy\" decoding=\"async\" width=\"599\" height=\"168\" src=\"http:\/\/forty.dk\/wp-content\/uploads\/2023\/01\/4-logo.jpg\" alt=\"\" class=\"wp-image-144\" srcset=\"http:\/\/forty.dk\/wp-content\/uploads\/2023\/01\/4-logo.jpg 599w, http:\/\/forty.dk\/wp-content\/uploads\/2023\/01\/4-logo-300x84.jpg 300w, http:\/\/forty.dk\/wp-content\/uploads\/2023\/01\/4-logo-360x101.jpg 360w\" sizes=\"auto, (max-width: 599px) 100vw, 599px\" \/><\/figure>\n\n\n\n<div style=\"height:51px\" aria-hidden=\"true\" class=\"wp-block-spacer\"><\/div>\n\n\n\n<p>Her er en <strong>uge-statistik<\/strong> kun for det danske hold udarbejdet af Ole Christiansen:<\/p>\n\n\n\n<figure class=\"wp-block-image size-full\"><img loading=\"lazy\" decoding=\"async\" width=\"931\" height=\"499\" src=\"https:\/\/forty.dk\/wp-content\/uploads\/2024\/07\/Statistik24-total.jpg\" alt=\"\" class=\"wp-image-1284\" srcset=\"http:\/\/forty.dk\/wp-content\/uploads\/2024\/07\/Statistik24-total.jpg 931w, http:\/\/forty.dk\/wp-content\/uploads\/2024\/07\/Statistik24-total-300x161.jpg 300w, http:\/\/forty.dk\/wp-content\/uploads\/2024\/07\/Statistik24-total-768x412.jpg 768w, http:\/\/forty.dk\/wp-content\/uploads\/2024\/07\/Statistik24-total-360x193.jpg 360w\" sizes=\"auto, (max-width: 931px) 100vw, 931px\" \/><\/figure>\n\n\n\n<div style=\"height:31px\" aria-hidden=\"true\" class=\"wp-block-spacer\"><\/div>\n\n\n\n<figure class=\"wp-block-image size-large\"><img loading=\"lazy\" decoding=\"async\" width=\"1024\" height=\"249\" src=\"http:\/\/forty.dk\/wp-content\/uploads\/2024\/07\/Fire-fotos-1024x249.jpg\" alt=\"\" class=\"wp-image-1283\" srcset=\"http:\/\/forty.dk\/wp-content\/uploads\/2024\/07\/Fire-fotos-1024x249.jpg 1024w, http:\/\/forty.dk\/wp-content\/uploads\/2024\/07\/Fire-fotos-300x73.jpg 300w, http:\/\/forty.dk\/wp-content\/uploads\/2024\/07\/Fire-fotos-768x187.jpg 768w, http:\/\/forty.dk\/wp-content\/uploads\/2024\/07\/Fire-fotos-360x88.jpg 360w, http:\/\/forty.dk\/wp-content\/uploads\/2024\/07\/Fire-fotos.jpg 1059w\" sizes=\"auto, (max-width: 1024px) 100vw, 1024px\" \/><\/figure>\n\n\n\n<h2 class=\"wp-block-heading\">Sammendrag af uge 29<\/h2>\n\n\n\n<p>v\/ Pr\u00e6sident Ole Helmersen<\/p>\n\n\n\n<p><strong>God dansk afslutning p\u00e5 Firkantturneringen 2024 p\u00e5 Svanholm Park<\/strong><\/p>\n\n\n\n<p>S\u00e5 fik vi afsluttet firkantturneringen med to gode danske pr\u00e6stationer = sejre torsdag og fredag. Efter nogle halvsl\u00f8je resultater fra dansk side mandag og tirsdag og nogle regnp\u00e5virkede 20-overskampe onsdag, sluttede Danmark p\u00e5 toppen de sidste to dage.<\/p>\n\n\n\n<p>Torsdag spillede det danske hold en 45-overskamp mod Holland, som lagde ud med at score p\u00e5 224. Midt i den efterf\u00f8lgende danske halvleg, bl.a. med et hattrick fra en hollandsk kaster, der ryddede ud i de danske mid-order g\u00e6rdespillere, s\u00e5 det ikke meget ud til, at Danmark kunne vinde. Morten Hedegaard ville det imidlertid anderledes, helt anderledes. Han kom ind som firer og blev der resten af halvlegen og afsluttede den danske halvleg med det vindende slag og en topscore p\u00e5 114 not out efter en chancel\u00f8s og bundsolid innings.<\/p>\n\n\n\n<p>Dagen efter spillede Danmark en 20-overskamp mod England, som lagde ud med 144. Ogs\u00e5 her s\u00e5 det midt i den danske halvleg sv\u00e6rt ud. Men \u00e5bningsg\u00e6rdet, Keith Hayward, blev st\u00e5ende n\u00e6sten til enden med en halvleg p\u00e5 76, som gjorde det nemt for Adam Sarten p\u00e5 kampens fjerdesidste bold at cover drive en firer til dansk sejr.<\/p>\n\n\n\n<p>Det samlede resultat af turneringen blev, at England vandt 45-oversturneringen mens Spanien vandt 20-oversturneringen. Danmark vandt 2 at fem spillede kampe. To 20-overskampe onsdag eftermiddag m\u00e5tte aflyses p\u00e5 grund af regn.<\/p>\n\n\n\n<p>Svanholm Park fungerede som en god ramme om turneringen med gode baner og faciliteter, og Dansk XL takker S\u00f8ren Nissen og Svanholm for godt samarbejde. Tillige Dansk Cricketforbund for donation af bolde til turneringen. Men den st\u00f8rste tak skal lyde til Rober Slator fra Herning CC (eller Bobby som han foretr\u00e6kker). Vi havde lavet en aftale med ham om at st\u00e5 for baren under turneringen. Og det, og meget mere, gjorde han i den grad. Hans indsats var \u2019second to none\u2019 som engl\u00e6nderne siger.<\/p>\n\n\n\n<p>N\u00e6ste \u00e5rs turnering spilles i uge 29 i Woodbridge, som ligger i grevskabet Suffolk i det syd\u00f8stlige England ca. en times k\u00f8rsel fra Stansted Lufthavn. De engelske v\u00e6rter har lovet os detaljer om turneringshotel i l\u00f8bet af de kommende par uger. If\u00f8lge den information jeg har pt., bliver der tale om tidlig tilmelding, fordi hotellet kr\u00e6ver et depositum p\u00e5 25% up-front for v\u00e6relser. Mere information f\u00f8lger, s\u00e5 snart jeg har den.<\/p>\n\n\n\n<p>Ole Helmersen<\/p>\n\n\n\n<p>Pr\u00e6sident, Dansk XL<\/p>\n\n\n\n<figure class=\"wp-block-image size-large\"><img loading=\"lazy\" decoding=\"async\" width=\"1024\" height=\"467\" src=\"https:\/\/forty.dk\/wp-content\/uploads\/2024\/07\/Danmark-Holland-1024x467.jpg\" alt=\"\" class=\"wp-image-1279\" srcset=\"http:\/\/forty.dk\/wp-content\/uploads\/2024\/07\/Danmark-Holland-1024x467.jpg 1024w, http:\/\/forty.dk\/wp-content\/uploads\/2024\/07\/Danmark-Holland-300x137.jpg 300w, http:\/\/forty.dk\/wp-content\/uploads\/2024\/07\/Danmark-Holland-768x350.jpg 768w, http:\/\/forty.dk\/wp-content\/uploads\/2024\/07\/Danmark-Holland-360x164.jpg 360w, http:\/\/forty.dk\/wp-content\/uploads\/2024\/07\/Danmark-Holland.jpg 1185w\" sizes=\"auto, (max-width: 1024px) 100vw, 1024px\" \/><\/figure>\n\n\n\n<p class=\"has-text-align-center\">F\u00e6llesbillede af det engelske og det danske hold.<\/p>\n\n\n\n<div style=\"height:50px\" aria-hidden=\"true\" class=\"wp-block-spacer\"><\/div>\n\n\n\n<h3 class=\"wp-block-heading\">Kampresultater<\/h3>\n\n\n\n<p>S\u00f8ndag den 14. juli 2024:<\/p>\n\n\n\n<p><strong><em><a href=\"http:\/\/forty.dk\/wp-content\/uploads\/2024\/07\/2024-14.-juli-Presidents-XL_vs_Bad-Boys-DK.pdf\">President&#8217;s XL v\/s Bad Boys DK<\/a><\/em><\/strong><\/p>\n\n\n\n<p>Mandag den 15. juli 2024<\/p>\n\n\n\n<p><strong><em><a href=\"http:\/\/forty.dk\/wp-content\/uploads\/2024\/07\/2024-17-7-Dansk-XL-15.07.24_vs_The-Forty-Club-2.pdf\">Dansk XL 15.07.24 v\/s The Forty Club 15.07.24<\/a><\/em><\/strong><\/p>\n\n\n\n<p>Tirsdag den 16. juli 2024<\/p>\n\n\n\n<p><a href=\"http:\/\/forty.dk\/wp-content\/uploads\/2024\/07\/Dansk-XL-16.07.24_vs_Cricket-Espana-16.07.24_1721145331735.pdf\"><strong><em>Dansk XL 16.07.24 v\/s Cricket Espa\u00f1a 16.07.24<\/em><\/strong><\/a><\/p>\n\n\n\n<p>Onsdag den 17. juli 2024<\/p>\n\n\n\n<p><a href=\"http:\/\/forty.dk\/wp-content\/uploads\/2024\/07\/Dansk-XL-17.07.24_vs_Cricket-Espana-17.07.24_1721219999222-T20.pdf\"><strong><em>Dansk XL 17.07.24 v\/s Cricket Espa\u00f1a 17.07.24<\/em><\/strong> <strong><em>&#8211; T20<\/em><\/strong><\/a><\/p>\n\n\n\n<p>I T20 turneringen onsdag den 17. juli scorede vi 179\/6. Da det begyndte at regne, blev kampen reduceret, s\u00e5 Spanien skulle kun batte 10 overs. De brugte kun 3 g\u00e6rder for at passere target scoren. Regnen forts\u00e6tter, s\u00e5 ingen ved, hvor f\u00e5 overs der skal spilles i kamp nr. 2. Men det bliver en gang \u201cramasjang\u201d cricket.&nbsp;<\/p>\n\n\n\n<p>Torsdag den 18. juli 2024<\/p>\n\n\n\n<p><strong><em><a href=\"http:\/\/forty.dk\/wp-content\/uploads\/2024\/07\/2024-18.7.-Dansk-XL-SGS-T45.pdf\">Dansk XL 18.07.24 v\/s SGS &#8211; T45<\/a><\/em><\/strong><\/p>\n\n\n\n<p class=\"has-text-align-center\">Forty har ogs\u00e5 en &#8211;<strong>G\u00c5RD<\/strong>.<\/p>\n\n\n\n<p class=\"has-text-align-center\">Cykelsporten har en VingeG\u00c5RD &#8211; Cricketsporten har en HedeG\u00c5RD.<\/p>\n\n\n\n<h3 class=\"wp-block-heading has-text-align-center\">Tillykke Morten Hedeg\u00e5rd <\/h3>\n\n\n\n<p class=\"has-text-align-center\">med dit <strong>Century p\u00e5 114 not out<\/strong>.<\/p>\n\n\n\n<p>Fredag den 19. juli 2024<\/p>\n\n\n\n<p><strong><em><a href=\"http:\/\/forty.dk\/wp-content\/uploads\/2024\/07\/2024-19.7.-Dansk-XL-TFC-T20.pdf\">Dansk XL 19.07.24 v\/s The Forty Club &#8211; T20<\/a><\/em><\/strong><\/p>\n\n\n\n<div style=\"height:30px\" aria-hidden=\"true\" class=\"wp-block-spacer\"><\/div>\n\n\n\n<p>OBS Har du et enkelt godt billede fra arrangementet, s\u00e5 send det omg\u00e5ende til <em>kjeldlyngs@gmail.com <\/em>&#8212; og gerne med et par ord om hvem der er p\u00e5.<\/p>\n\n\n\n<div class=\"wp-block-media-text is-stacked-on-mobile\"><figure class=\"wp-block-media-text__media\"><img loading=\"lazy\" decoding=\"async\" width=\"630\" height=\"624\" src=\"http:\/\/forty.dk\/wp-content\/uploads\/2024\/07\/Gril-i-Glostrup.jpg\" alt=\"\" class=\"wp-image-1262 size-full\" srcset=\"http:\/\/forty.dk\/wp-content\/uploads\/2024\/07\/Gril-i-Glostrup.jpg 630w, http:\/\/forty.dk\/wp-content\/uploads\/2024\/07\/Gril-i-Glostrup-300x297.jpg 300w, http:\/\/forty.dk\/wp-content\/uploads\/2024\/07\/Gril-i-Glostrup-150x150.jpg 150w, http:\/\/forty.dk\/wp-content\/uploads\/2024\/07\/Gril-i-Glostrup-273x270.jpg 273w\" sizes=\"auto, (max-width: 630px) 100vw, 630px\" \/><\/figure><div class=\"wp-block-media-text__content\">\n<p>S\u00f8ndag var der professionelt udf\u00f8rt <\/p>\n\n\n\n<p> <strong>&#8220;Grill i Glostrup&#8221;.<\/strong><\/p>\n<\/div><\/div>\n\n\n\n\n\n<div class=\"wp-block-media-text is-stacked-on-mobile\" style=\"grid-template-columns:58% auto\"><figure class=\"wp-block-media-text__media\"><img loading=\"lazy\" decoding=\"async\" width=\"640\" height=\"553\" src=\"http:\/\/forty.dk\/wp-content\/uploads\/2024\/07\/noeglebilledet-3prs.jpg\" alt=\"\" class=\"wp-image-1247 size-full\" srcset=\"http:\/\/forty.dk\/wp-content\/uploads\/2024\/07\/noeglebilledet-3prs.jpg 640w, http:\/\/forty.dk\/wp-content\/uploads\/2024\/07\/noeglebilledet-3prs-300x259.jpg 300w, http:\/\/forty.dk\/wp-content\/uploads\/2024\/07\/noeglebilledet-3prs-312x270.jpg 312w\" sizes=\"auto, (max-width: 640px) 100vw, 640px\" \/><\/figure><div class=\"wp-block-media-text__content\">\n<p><em>Fra vor udsendte medarbejder OC har vi f\u00e5et:<\/em><\/p>\n\n\n\n<p><strong>Intet godt at fort\u00e6lle fra tirsdag den 16. juli 2024. <\/strong><\/p>\n\n\n\n<p>Men disse tre &#8211; Goeskj\u00e6r, Jan og &#8220;Bobby&#8221; Robert sad fast i elevatoren en lille times tid. Det ulyksalige var, at de ogs\u00e5 havde<br>n\u00f8glen til omkl\u00e6dningsrummet med.<\/p>\n\n\n\n<p><em>Et godt r\u00e5d fra redaktionen:<\/em> Man skal altid n\u00f8je unders\u00f8ge totalv\u00e6gten og ikke antal personer, inden man s\u00e6tter gang i en elevator.<\/p>\n\n\n\n<p>Det var godt de havde Michael med, ellers var de m\u00e5ske aldrig kommet ud.<\/p>\n\n\n\n<p>Men de har da ikke mistet modet, og de hygger sig &#8211; ses det.<\/p>\n<\/div><\/div>\n\n\n\n<div style=\"height:100px\" aria-hidden=\"true\" class=\"wp-block-spacer\"><\/div>\n\n\n\n<h3 class=\"wp-block-heading\">v\/ <a href=\"https:\/\/www.facebook.com\/groups\/1304986046249053\/user\/100000421711617\/?__cft__%5b0%5d=AZUvnCtqGvAr5XeDzJw-iYRoeDylFCOUzouseY1_M3KGoWbtE6-AbRVSPXEy1XiOFERK9qTW44NuAYMdhfVTk6JqrqnJ4LUlCCk9EvrGGRJE3wl8zGGD4uBPRs3suarcUb-RWwkk2227b1T_ns96dXMmn4G5Ac_yLPZcIwtXmKS52a7Y9PeuLfZf_btEy4_uB2AGq6XIddIb8DFU8xjc6ZTB&amp;__tn__=-UC%2CP-R\">Ole Helmersen<\/a><\/h3>\n\n\n\n<p>&nbsp;<\/p>\n\n\n\n<p>S\u00e5 er der kun lidt over fire uger til \u00e5rets internationale turnering for overordentligt rutinerede veteran-cricketers starter p\u00e5 Svanholm Park. Der spilles hver dag mandag til fredag i uge 29 &#8211; hhv. 45-overskampe og 20-overskampe.<\/p>\n\n\n\n<p>Vi satser selvf\u00f8lgelig p\u00e5 godt vejr og hanerne p\u00e5 fad\u00f8lsanl\u00e6gget er sp\u00e6ndt, s\u00e5 man beh\u00f8ver ikke g\u00e5 v\u00e6skekold. Kom frisk.<\/p>\n\n\n\n<p>Kampprogrammet ser s\u00e5ledes ud:<\/p>\n\n\n\n<p><strong>THE 45-OVERS TOURNAMENT<\/strong><\/p>\n\n\n\n<p>Matches on Monday and Tuesday will start at 11 am. On Thursday at 10 am.<\/p>\n\n\n\n<p><strong>Monday 15thJuly<\/strong>:<\/p>\n\n\n\n<p>Dansk XL vs. The Forty Club pitch 1<\/p>\n\n\n\n<p>SGS vs Cricket Espana pitch 2<\/p>\n\n\n\n<p><strong>Tuesday 16thJuly:<\/strong><\/p>\n\n\n\n<p>The Forty Club vs SGS pitch 1<\/p>\n\n\n\n<p>Dansk XL vs Cricket Espana pitch 2<\/p>\n\n\n\n<p><strong>Thursday 18th July:<\/strong><\/p>\n\n\n\n<p>Dansk XL vs SGS pitch 1<\/p>\n\n\n\n<p>The Forty Club vs Cricket Espana pitch 2<\/p>\n\n\n\n<p><strong>THE 20-OVERS TOURNAMENT<\/strong><\/p>\n\n\n\n<p>Morning matches on Wednesday will start at 11 am. On Friday at 10 am.<\/p>\n\n\n\n<p><strong>Wednesday 17thJuly<\/strong><\/p>\n\n\n\n<p><strong>Morning<\/strong><\/p>\n\n\n\n<p>Dansk XL vs Cricket Espana pitch 1<\/p>\n\n\n\n<p>The Forty Club vs SGS pitch 2<\/p>\n\n\n\n<p><strong>Afternoon<\/strong><\/p>\n\n\n\n<p>Dansk XL vs SGS pitch 2<\/p>\n\n\n\n<p>Cricket Espana vs. The Forty Club pitch 1<\/p>\n\n\n\n<p><strong>FrIday 19th July:<\/strong><\/p>\n\n\n\n<p>Dansk XL vs The Forty Club pitch 1<\/p>\n\n\n\n<p>SGS vs Cricket Espana pitch 2<\/p>\n\n\n\n<div style=\"height:20px\" aria-hidden=\"true\" class=\"wp-block-spacer\"><\/div>\n\n\n\n<p>H\u00e5ber vi ses<\/p>\n\n\n\n<p>P\u00e5 vegne af Dansk XLs bestyrelse<\/p>\n\n\n\n<p>Ole Helmersen<\/p>\n","protected":false},"excerpt":{"rendered":"<p>Her er en uge-statistik kun for det danske hold udarbejdet af Ole Christiansen: Sammendrag af uge 29 v\/ Pr\u00e6sident Ole Helmersen God dansk afslutning p\u00e5 Firkantturneringen 2024 p\u00e5 Svanholm Park S\u00e5 fik vi afsluttet firkantturneringen med to gode danske pr\u00e6stationer <a href=\"http:\/\/forty.dk\/?page_id=1191\" class=\"read-more\">L\u00c6S MERE &#8230;<\/a><\/p>\n","protected":false},"author":1,"featured_media":0,"parent":0,"menu_order":0,"comment_status":"closed","ping_status":"closed","template":"","meta":{"footnotes":""},"class_list":["post-1191","page","type-page","status-publish","hentry"],"_links":{"self":[{"href":"http:\/\/forty.dk\/index.php?rest_route=\/wp\/v2\/pages\/1191","targetHints":{"allow":["GET"]}}],"collection":[{"href":"http:\/\/forty.dk\/index.php?rest_route=\/wp\/v2\/pages"}],"about":[{"href":"http:\/\/forty.dk\/index.php?rest_route=\/wp\/v2\/types\/page"}],"author":[{"embeddable":true,"href":"http:\/\/forty.dk\/index.php?rest_route=\/wp\/v2\/users\/1"}],"replies":[{"embeddable":true,"href":"http:\/\/forty.dk\/index.php?rest_route=%2Fwp%2Fv2%2Fcomments&post=1191"}],"version-history":[{"count":33,"href":"http:\/\/forty.dk\/index.php?rest_route=\/wp\/v2\/pages\/1191\/revisions"}],"predecessor-version":[{"id":1880,"href":"http:\/\/forty.dk\/index.php?rest_route=\/wp\/v2\/pages\/1191\/revisions\/1880"}],"wp:attachment":[{"href":"http:\/\/forty.dk\/index.php?rest_route=%2Fwp%2Fv2%2Fmedia&parent=1191"}],"curies":[{"name":"wp","href":"https:\/\/api.w.org\/{rel}","templated":true}]}}