{"id":1680,"date":"2025-04-08T09:38:16","date_gmt":"2025-04-08T09:38:16","guid":{"rendered":"https:\/\/forty.dk\/?page_id=1680"},"modified":"2025-08-04T10:11:57","modified_gmt":"2025-08-04T10:11:57","slug":"qt25-slutinfo","status":"publish","type":"page","link":"http:\/\/forty.dk\/?page_id=1680","title":{"rendered":"QT25-slutinfo og resultater"},"content":{"rendered":"\n<h2 class=\"wp-block-heading has-text-align-center\">Sidste nyt om Firkant-turneringen 2025<\/h2>\n\n\n\n<figure class=\"wp-block-image\"><img loading=\"lazy\" decoding=\"async\" width=\"1024\" height=\"235\" src=\"http:\/\/forty.dk\/wp-content\/uploads\/2025\/07\/cropped-QT25holdx-1024x235.jpg\" alt=\"\" class=\"wp-image-1903\" srcset=\"http:\/\/forty.dk\/wp-content\/uploads\/2025\/07\/cropped-QT25holdx-1024x235.jpg 1024w, http:\/\/forty.dk\/wp-content\/uploads\/2025\/07\/cropped-QT25holdx-300x69.jpg 300w, http:\/\/forty.dk\/wp-content\/uploads\/2025\/07\/cropped-QT25holdx-768x176.jpg 768w, http:\/\/forty.dk\/wp-content\/uploads\/2025\/07\/cropped-QT25holdx-100x23.jpg 100w, http:\/\/forty.dk\/wp-content\/uploads\/2025\/07\/cropped-QT25holdx-360x82.jpg 360w, http:\/\/forty.dk\/wp-content\/uploads\/2025\/07\/cropped-QT25holdx.jpg 1375w\" sizes=\"auto, (max-width: 1024px) 100vw, 1024px\" \/><figcaption class=\"wp-element-caption\">2025-holdet<\/figcaption><\/figure>\n\n\n\n<figure class=\"wp-block-image\"><img loading=\"lazy\" decoding=\"async\" width=\"599\" height=\"168\" src=\"http:\/\/forty.dk\/wp-content\/uploads\/2025\/07\/4-logo.jpg\" alt=\"\" class=\"wp-image-1883\" srcset=\"http:\/\/forty.dk\/wp-content\/uploads\/2025\/07\/4-logo.jpg 599w, http:\/\/forty.dk\/wp-content\/uploads\/2025\/07\/4-logo-300x84.jpg 300w, http:\/\/forty.dk\/wp-content\/uploads\/2025\/07\/4-logo-100x28.jpg 100w, http:\/\/forty.dk\/wp-content\/uploads\/2025\/07\/4-logo-360x101.jpg 360w\" sizes=\"auto, (max-width: 599px) 100vw, 599px\" \/><\/figure>\n\n\n\n<p>Dansk XL vandt T20-turneringen og de 2 ud af 3 kampe i 45-turneringen \u2013 Robert Slator fik pokalen med hjem.<\/p>\n\n\n\n<p>Engelske The Forty Club vandt 45-overs-turneringen.<\/p>\n\n\n\n<p>Gentleman-pokalen gik til Fortys pr\u00e6sident Michael Goeskj\u00e6r \u2013 tillykke.<\/p>\n\n\n\n<p>Fairplay-pokalen gik til SGS.<\/p>\n\n\n\n<p>Du kan l\u00e6se kampresultaterne&nbsp;<a href=\"https:\/\/forty.dk\/?page_id=1730\"><strong>HER<\/strong>.<\/a><\/p>\n\n\n\n<p>Og dansk spillerstatistik&nbsp;<strong><a href=\"http:\/\/forty.dk\/wp-content\/uploads\/2025\/07\/QT25-statistik.jpg\">HER<\/a><\/strong><\/p>\n\n\n\n<p>Se billeder fra turneringen&nbsp;<a href=\"https:\/\/forty.dk\/?page_id=1821\"><strong>HER<\/strong>.<\/a><\/p>\n\n\n\n<hr class=\"wp-block-separator has-alpha-channel-opacity\"\/>\n\n\n\n<div style=\"height:100px\" aria-hidden=\"true\" class=\"wp-block-spacer\"><\/div>\n\n\n\n<p class=\"has-text-align-right\"><strong>v\/ Michael Goeskj\u00e6r<\/strong><\/p>\n\n\n\n<p class=\"has-text-align-center\"><strong>ENGLISH VERSION:&nbsp;<\/strong><\/p>\n\n\n\n<p><strong><u>Introduction<\/u><\/strong><\/p>\n\n\n\n<p>I am pleased to announce that we have this year received <strong>22 signups<\/strong> for the QT25. This is the highest number in many years.<\/p>\n\n\n\n<p>As the tour has now been fully booked and the deadline (1 April 2025) for signing up has expired the squad is now final and <strong>we cannot include more players in this year\u2019s QT25.<\/strong><\/p>\n\n\n\n<p>Please see the final list of players below and related information in the below matrix:<\/p>\n\n\n\n<figure class=\"wp-block-image size-full\"><img loading=\"lazy\" decoding=\"async\" width=\"668\" height=\"492\" src=\"https:\/\/forty.dk\/wp-content\/uploads\/2025\/04\/image.png\" alt=\"\" class=\"wp-image-1689\" srcset=\"http:\/\/forty.dk\/wp-content\/uploads\/2025\/04\/image.png 668w, http:\/\/forty.dk\/wp-content\/uploads\/2025\/04\/image-300x221.png 300w, http:\/\/forty.dk\/wp-content\/uploads\/2025\/04\/image-360x265.png 360w\" sizes=\"auto, (max-width: 668px) 100vw, 668px\" \/><\/figure>\n\n\n\n<p><strong><u>Team selection<\/u><\/strong><\/p>\n\n\n\n<p>As we have a large group it is mathematically not possible that all players can play all the three 45-over games.<\/p>\n\n\n\n<p>I have therefore liaised with team captain Michael Jeppesen (normally just called \u201cJeppe\u201d) and the following team selection criteria will apply for this year\u2019s QT, with the obvious caveat that potential injuries may result in changes:<\/p>\n\n\n\n<ol start=\"1\" class=\"wp-block-list\">\n<li>The 6 players highlighted in&nbsp;green&nbsp;colour in the matrix is the core group of the 45-over tournament and they will play all three 45-over games. They will, however, not play in the 20-over tournament.<\/li>\n\n\n\n<li>The 10 players highlighted in&nbsp;turquoise&nbsp;colour in the matrix will play 1-2 of the 45-over games and at least 2 of the three 20-over games.<\/li>\n\n\n\n<li>The 6 players highlighted in&nbsp;pink&nbsp;colour in the matrix will play all three 20-over games. It is, however noted that both of Jan Rasmussen and Steen \u00d8stergaard expect that they will only be able to play one game.<\/li>\n<\/ol>\n\n\n\n<p>As it appears all players will be guaranteed at least three games and in most cases the players highlighted in&nbsp;turquoise will play more than three games.The final selection for the games will take place in England and be depending on current form and potential injuries and the applicable age-requirements.<\/p>\n\n\n\n<p>Eric Folker will be the captain of the 20-over team.<\/p>\n\n\n\n<p>To avoid confusion, I am pleased to announce that our dear friends Jan and Birgitte \u00d8stergaard are also participating, but unfortunately Jan cannot play this year. Therefore, he is not listed in the player matrix. In addition, we will also be honoured by the participation of Amir\u2019s wife and Ian\u2019s wife Eva.<\/p>\n\n\n\n<p><strong><u>Payment of Membership of DANSK XL and match fee<\/u><\/strong><\/p>\n\n\n\n<p>As you can see from the matrix most players have paid the membership fee and a few have also paid the match fee.<\/p>\n\n\n\n<p>I kindly request that everyone who has not yet paid, now pays both membership and match fee&nbsp;no later than Friday 14 April 2025&nbsp;to:<\/p>\n\n\n\n<p><strong>Dansk XL&#8217;s bank account is as follows:<\/strong><\/p>\n\n\n\n<p><strong>Reg. no. 2440 &#8211; account no. 5980002642<\/strong><\/p>\n\n\n\n<p><strong><u>Welcoming reception<\/u><\/strong><\/p>\n\n\n\n<p>Kindly inform me via e-mail no later than Monday 14 April 2025 if you will participate in the TOURNAMENT RECEPTION.&nbsp; This will be in a room at Ufford Park near the bar at 18:30 GMT on the evening of the Sunday 13th July.<\/p>\n\n\n\n<p>I very much recommend that you participate in this arrangement which is always a great opportunity to meet with the players from the other teams and kick of the tournament in a good atmosphere.<\/p>\n\n\n\n<p><strong><u>Hotel + transport<\/u><\/strong><\/p>\n\n\n\n<p>Please book your hotel and travel as soon as possible.<\/p>\n\n\n\n<p>Hotel: All booking information is in the attached word file. It is very much recommended that we all share double rooms as there are only 12 double rooms available per nation. So, if you have not done so already, please find a player to share a room with. The price for a double room is&nbsp;GBP 114 per night, including breakfast (i.e. GBP 57 per person sharing a double room). 25 % must be paid at the time of booking and the remaining 75% must be paid no later than 1 June 2025. The price for a single room is GBP 105 per night, but please don\u2019t book a single room.<\/p>\n\n\n\n<p>Travel: Stanstead Airport is the closest airport, i.e. approx. 1 hour\u2019s drive away.<\/p>\n\n\n\n<p><strong><u>Bad Boys game<\/u><\/strong><\/p>\n\n\n\n<p>I am not 100% sure that the information in the matrix on who is participating in the bad boy\u2019s game on Sunday 13 July is correct. The game is strictly speaking not a part of the QT, and it requires a special invitation from Theo Straten (Theo Straten &lt;<a href=\"mailto:midstump@hotmail.com\" target=\"_blank\" rel=\"noreferrer noopener\">midstump@hotmail.com<\/a>&gt;). So, kindly forward any questions to him regarding this game.<\/p>\n\n\n\n<p><strong><u>Conclusion<\/u><\/strong><\/p>\n\n\n\n<p>In principle this mail should cover everything. But, if need be, I will later contact you.<\/p>\n\n\n\n<p>I look very much forward to a wonderful tournament and to seeing you in Woodford.<\/p>\n\n\n\n<p>_______________________________________________________________________________________________<\/p>\n\n\n\n<p class=\"has-text-align-center\"><strong>DANSK VERSION:<\/strong><\/p>\n\n\n\n<p><strong><u>Indledning<\/u><\/strong><\/p>\n\n\n\n<p>Jeg er glad for at kunne meddele, at vi i \u00e5r har modtaget <strong>22 tilmeldinger<\/strong> til QT25. Det er det h\u00f8jeste antal i mange \u00e5r.<\/p>\n\n\n\n<p>Da turen nu er fuldt booket, og fristen (1. april 2025) for at tilmelde sig er udl\u00f8bet, er truppen nu endelig, og <\/p>\n\n\n\n<p><strong>vi kan ikke inkludere flere spillere i dette \u00e5rs QT25.<\/strong><\/p>\n\n\n\n<p>Se venligst den endelige liste over spillere og relaterede oplysninger i nedenst\u00e5ende matrix:<\/p>\n\n\n\n<figure class=\"wp-block-image size-full\"><img loading=\"lazy\" decoding=\"async\" width=\"668\" height=\"492\" src=\"https:\/\/forty.dk\/wp-content\/uploads\/2025\/04\/image-1.png\" alt=\"\" class=\"wp-image-1691\" srcset=\"http:\/\/forty.dk\/wp-content\/uploads\/2025\/04\/image-1.png 668w, http:\/\/forty.dk\/wp-content\/uploads\/2025\/04\/image-1-300x221.png 300w, http:\/\/forty.dk\/wp-content\/uploads\/2025\/04\/image-1-360x265.png 360w\" sizes=\"auto, (max-width: 668px) 100vw, 668px\" \/><\/figure>\n\n\n\n<p><strong><u>Udv\u00e6lgelse af hold<\/u><\/strong><\/p>\n\n\n\n<p>Da vi har en stor gruppe, er det ikke matematisk muligt, at alle spillere kan spille alle tre 45-over-kampe.<\/p>\n\n\n\n<p>Jeg har derfor taget kontakt til holdkaptajn Michael Jeppesen (normalt bare kaldet \u00bbJeppe\u00ab), og f\u00f8lgende kriterier for holdudv\u00e6lgelse vil g\u00e6lde for dette \u00e5rs QT, med det \u00e5benlyse forbehold, at potentielle skader kan resultere i \u00e6ndringer:<\/p>\n\n\n\n<ol start=\"1\" class=\"wp-block-list\">\n<li>De 6 spillere, der er fremh\u00e6vet med&nbsp;gr\u00f8n&nbsp;farve i matrixen, er kernegruppen i 45-over-turneringen, og de vil spille alle tre 45-over-kampe. De vil dog ikke spille i 20-over-turneringen.<\/li>\n\n\n\n<li>De 10 spillere, der er markeret med&nbsp;turkis&nbsp;farve i matrixen, vil spille 1-2 af 45-over-kampene og mindst 2 af de tre 20-over-kampe.<\/li>\n\n\n\n<li>De 6 spillere, der er markeret med&nbsp;pink&nbsp;farve i skemaet, spiller alle tre 20-over-kampe. Det bem\u00e6rkes dog, at b\u00e5de Jan Rasmussen og Steen \u00d8stergaard forventer, at de kun vil kunne spille \u00e9n kamp.<\/li>\n<\/ol>\n\n\n\n<p>Som det fremg\u00e5r, vil alle spillere v\u00e6re garanteret mindst tre kampe, og i de fleste tilf\u00e6lde vil de spillere, der er markeret med turkis, spille mere end tre kampe. Den endelige udv\u00e6lgelse til kampene finder sted i England og afh\u00e6nger af den aktuelle form og potentielle skader og de g\u00e6ldende alderskrav.<\/p>\n\n\n\n<p>Eric Folker vil v\u00e6re anf\u00f8rer for 20-over-holdet.<\/p>\n\n\n\n<p>For at undg\u00e5 forvirring er jeg glad for at kunne meddele, at vores k\u00e6re venner Jan og Birgitte \u00d8stergaard ogs\u00e5 deltager, men Jan kan desv\u00e6rre ikke spille i \u00e5r. Derfor er han ikke opf\u00f8rt i spilleroversigten. Derudover f\u00e5r vi ogs\u00e5 \u00e6ren af, at Amirs kone og Ians kone Eva deltager.<\/p>\n\n\n\n<p><strong><u>Betaling af medlemskab af DANSK XL og matchfee<\/u><\/strong><\/p>\n\n\n\n<p>Som I kan se i oversigten, har de fleste spillere betalt kontingent, og nogle f\u00e5 har ogs\u00e5 betalt match fee.<\/p>\n\n\n\n<p>Jeg beder venligst om, at alle, der endnu ikke har betalt, nu betaler b\u00e5de medlemskab og match fee&nbsp;senest fredag den 14. april 2025&nbsp;til:<\/p>\n\n\n\n<p><strong>Dansk XL&#8217;s bankkonto er som f\u00f8lger:<\/strong><\/p>\n\n\n\n<p><strong>Reg. nr. 2440 &#8211; konto nr. 5980002642<\/strong><\/p>\n\n\n\n<p><strong><u>Velkomst-reception<\/u><\/strong><\/p>\n\n\n\n<p>Giv venligst besked via e-mail senest mandag den 14. april 2025, om du vil deltage i TOURNAMENT RECEPTIONEN. Det sker i et lokale p\u00e5 Ufford Park n\u00e6r baren kl. 18.30 GMT om aftenen s\u00f8ndag den 13. juli.<\/p>\n\n\n\n<p>Jeg kan varmt anbefale, at du deltager i dette arrangement, som altid er en god mulighed for at m\u00f8de spillerne fra de andre hold og sparke turneringen i gang i en god atmosf\u00e6re.<\/p>\n\n\n\n<p><strong><u>Hotel + transport<\/u><\/strong><\/p>\n\n\n\n<p>Book venligst dit hotel og din rejse s\u00e5 hurtigt som muligt.<\/p>\n\n\n\n<p>Hotel: Alle bookingoplysninger findes i den vedh\u00e6ftede word-fil. Det anbefales meget, at vi alle deler dobbeltv\u00e6relser, da der kun er 12 dobbeltv\u00e6relser til r\u00e5dighed pr. nation. S\u00e5 hvis du ikke allerede har gjort det, bedes du finde en spiller at dele v\u00e6relse med. Prisen for et dobbeltv\u00e6relse er&nbsp;114 pund pr. nat, inklusive morgenmad (dvs. 57 pund pr. person, der deler et dobbeltv\u00e6relse). 25 % skal betales ved booking, og de resterende 75 % skal betales senest den 1. juni 2025. Prisen for et enkeltv\u00e6relse er 105 GBP pr. nat, men du bedes ikke booke et enkeltv\u00e6relse.<\/p>\n\n\n\n<p>Rejser: Stanstead Airport er den n\u00e6rmeste lufthavn, dvs. ca. 1 times k\u00f8rsel v\u00e6k.<\/p>\n\n\n\n<p><strong><u>Bad Boys-kampen<\/u><\/strong><\/p>\n\n\n\n<p>Jeg er ikke 100% sikker p\u00e5, at oplysningerne i matrixen om, hvem der deltager i bad boys-kampen s\u00f8ndag den 13. juli, er korrekte. Kampen er strengt taget ikke en del af QT, og det kr\u00e6ver en s\u00e6rlig invitation fra Theo Straten (Theo Straten<a href=\"mailto:midstump@hotmail.com\" target=\"_blank\" rel=\"noreferrer noopener\">&lt;midstump@hotmail.com<\/a>&gt;). S\u00e5 send venligst alle sp\u00f8rgsm\u00e5l til ham vedr\u00f8rende denne kamp.<\/p>\n\n\n\n<p><strong><u>Konklusion<\/u><\/strong><\/p>\n\n\n\n<p>I princippet burde denne mail d\u00e6kke alt. Men hvis det viser sig at v\u00e6re n\u00f8dvendigt, vil jeg kontakte jer senere.<\/p>\n\n\n\n<p>Jeg ser meget frem til en vidunderlig turnering og til at se jer i Woodford.<\/p>\n\n\n\n<p><\/p>\n\n\n\n<p>Venlig hilsen<br><br><strong>Michael Goeskj\u00e6r<\/strong><\/p>\n","protected":false},"excerpt":{"rendered":"<p>Sidste nyt om Firkant-turneringen 2025 Dansk XL vandt T20-turneringen og de 2 ud af 3 kampe i 45-turneringen \u2013 Robert Slator fik pokalen med hjem. Engelske The Forty Club vandt 45-overs-turneringen. Gentleman-pokalen gik til Fortys pr\u00e6sident Michael Goeskj\u00e6r \u2013 tillykke. <a href=\"http:\/\/forty.dk\/?page_id=1680\" class=\"read-more\">L\u00c6S MERE &#8230;<\/a><\/p>\n","protected":false},"author":1,"featured_media":0,"parent":0,"menu_order":0,"comment_status":"closed","ping_status":"closed","template":"","meta":{"footnotes":""},"class_list":["post-1680","page","type-page","status-publish","hentry"],"_links":{"self":[{"href":"http:\/\/forty.dk\/index.php?rest_route=\/wp\/v2\/pages\/1680","targetHints":{"allow":["GET"]}}],"collection":[{"href":"http:\/\/forty.dk\/index.php?rest_route=\/wp\/v2\/pages"}],"about":[{"href":"http:\/\/forty.dk\/index.php?rest_route=\/wp\/v2\/types\/page"}],"author":[{"embeddable":true,"href":"http:\/\/forty.dk\/index.php?rest_route=\/wp\/v2\/users\/1"}],"replies":[{"embeddable":true,"href":"http:\/\/forty.dk\/index.php?rest_route=%2Fwp%2Fv2%2Fcomments&post=1680"}],"version-history":[{"count":10,"href":"http:\/\/forty.dk\/index.php?rest_route=\/wp\/v2\/pages\/1680\/revisions"}],"predecessor-version":[{"id":1918,"href":"http:\/\/forty.dk\/index.php?rest_route=\/wp\/v2\/pages\/1680\/revisions\/1918"}],"wp:attachment":[{"href":"http:\/\/forty.dk\/index.php?rest_route=%2Fwp%2Fv2%2Fmedia&parent=1680"}],"curies":[{"name":"wp","href":"https:\/\/api.w.org\/{rel}","templated":true}]}}