{"id":41,"date":"2023-01-24T08:54:19","date_gmt":"2023-01-24T08:54:19","guid":{"rendered":"https:\/\/forty.dk\/?page_id=41"},"modified":"2025-03-03T16:30:39","modified_gmt":"2025-03-03T16:30:39","slug":"kontingent","status":"publish","type":"page","link":"http:\/\/forty.dk\/?page_id=41","title":{"rendered":"Kontingent"},"content":{"rendered":"\n<p>Det koster\u00a0<strong>500 kr<\/strong>. om \u00e5ret i kontingent.<\/p>\n\n\n\n<p>Du skal sende kontingentet til<\/p>\n\n\n\n<p>Dansk XL Cricket Club<\/p>\n\n\n\n<p><strong>BANK:<\/strong><br>Reg. nr. 2440 Kontonr. 5980002642<\/p>\n\n\n\n<p>(Girokontoen er blevet lukket)<\/p>\n\n\n\n<p>Send pengene via NetBank eller g\u00e5 i banken og lad dem g\u00f8re det.<\/p>\n\n\n\n<p>S\u00e5fremt du \u00f8nsker at st\u00f8tte \u201cForty\u201d som familiemedlem el.lign. kan du indbetale 200 kr. pr. \u00e5r<\/p>\n\n\n\n<div style=\"height:100px\" aria-hidden=\"true\" class=\"wp-block-spacer\"><\/div>\n\n\n\n<figure class=\"wp-block-image size-large\"><img loading=\"lazy\" decoding=\"async\" width=\"1024\" height=\"576\" src=\"https:\/\/forty.dk\/wp-content\/uploads\/2023\/08\/Medlemskab-1024x576.jpg\" alt=\"\" class=\"wp-image-1084\" srcset=\"http:\/\/forty.dk\/wp-content\/uploads\/2023\/08\/Medlemskab-1024x576.jpg 1024w, http:\/\/forty.dk\/wp-content\/uploads\/2023\/08\/Medlemskab-300x169.jpg 300w, http:\/\/forty.dk\/wp-content\/uploads\/2023\/08\/Medlemskab-768x432.jpg 768w, http:\/\/forty.dk\/wp-content\/uploads\/2023\/08\/Medlemskab-1536x864.jpg 1536w, http:\/\/forty.dk\/wp-content\/uploads\/2023\/08\/Medlemskab-360x202.jpg 360w, http:\/\/forty.dk\/wp-content\/uploads\/2023\/08\/Medlemskab.jpg 1800w\" sizes=\"auto, (max-width: 1024px) 100vw, 1024px\" \/><\/figure>\n","protected":false},"excerpt":{"rendered":"<p>Det koster\u00a0500 kr. om \u00e5ret i kontingent. Du skal sende kontingentet til Dansk XL Cricket Club BANK:Reg. nr. 2440 Kontonr. 5980002642 (Girokontoen er blevet lukket) Send pengene via NetBank eller g\u00e5 i banken og lad dem g\u00f8re det. S\u00e5fremt du <a href=\"http:\/\/forty.dk\/?page_id=41\" class=\"read-more\">L\u00c6S MERE &#8230;<\/a><\/p>\n","protected":false},"author":1,"featured_media":0,"parent":0,"menu_order":0,"comment_status":"closed","ping_status":"closed","template":"","meta":{"footnotes":""},"class_list":["post-41","page","type-page","status-publish","hentry"],"_links":{"self":[{"href":"http:\/\/forty.dk\/index.php?rest_route=\/wp\/v2\/pages\/41","targetHints":{"allow":["GET"]}}],"collection":[{"href":"http:\/\/forty.dk\/index.php?rest_route=\/wp\/v2\/pages"}],"about":[{"href":"http:\/\/forty.dk\/index.php?rest_route=\/wp\/v2\/types\/page"}],"author":[{"embeddable":true,"href":"http:\/\/forty.dk\/index.php?rest_route=\/wp\/v2\/users\/1"}],"replies":[{"embeddable":true,"href":"http:\/\/forty.dk\/index.php?rest_route=%2Fwp%2Fv2%2Fcomments&post=41"}],"version-history":[{"count":6,"href":"http:\/\/forty.dk\/index.php?rest_route=\/wp\/v2\/pages\/41\/revisions"}],"predecessor-version":[{"id":1595,"href":"http:\/\/forty.dk\/index.php?rest_route=\/wp\/v2\/pages\/41\/revisions\/1595"}],"wp:attachment":[{"href":"http:\/\/forty.dk\/index.php?rest_route=%2Fwp%2Fv2%2Fmedia&parent=41"}],"curies":[{"name":"wp","href":"https:\/\/api.w.org\/{rel}","templated":true}]}}