{"id":455,"date":"2023-02-05T11:43:59","date_gmt":"2023-02-05T11:43:59","guid":{"rendered":"https:\/\/forty.dk\/?page_id=455"},"modified":"2023-02-05T11:43:59","modified_gmt":"2023-02-05T11:43:59","slug":"fm-ideen","status":"publish","type":"page","link":"http:\/\/forty.dk\/?page_id=455","title":{"rendered":"FM-ideen"},"content":{"rendered":"\n<p>Legends versus All Stars<\/p>\n\n\n\n<figure class=\"wp-block-image size-full\"><img loading=\"lazy\" decoding=\"async\" width=\"274\" height=\"234\" src=\"http:\/\/forty.dk\/wp-content\/uploads\/2023\/01\/fredberg_mortensen.jpg\" alt=\"\" class=\"wp-image-15\"\/><\/figure>\n\n\n\n<p>Peter Fredberg, tv., og Ole Stan Mortensen med det ber\u00f8mte PR-bat.<\/p>\n\n\n\n<p>Af Peter Fredberg, BT<br>Id\u00e9en til den efterh\u00e5nden historiske kamp mellem Mortensen\u2019s Legends og Fredberg All Stars havde Ole Stan Mortensen med hjem fra England, hvor han spillede med succes i Derbyshire CCC i \u00e5rene 1983-94.<br>\u201dDu skal have pressen med p\u00e5 holdet,\u201d filosoferede han, da vi snakkede om den sparsomme omtale, cricket fik i danske medier.<br>Om det lykkedes at s\u00e6tte st\u00f8rre fokus p\u00e5 den nichesport, cricket er i Danmark? Tja, det er nok tvivlsomt. Men under alle omst\u00e6ndigheder har de spillere, der siden 1995 har v\u00e6ret med i kampene mellem Legends og All Stars, haft nogle herlige oplevelser.<br>Til den f\u00f8rste kamp p\u00e5 Svanholms bane havde Ole skaffet et PR-bat, som han kaldte det. Det er nu blevet overrakt 14 gange.<br>Lader man blikket l\u00f8be hen over messingpladerne, giver det et stik i hjertet, n\u00e5r man ser navnene Ole Pedersen og Peter S. Hargreaves, som ikke er her mere. Ole Pedersen var i mange \u00e5r journalist p\u00e5 Ekstra Bladet<br>og en af ildsj\u00e6lene i Pressens Cricket Klub i Odense. Og Peter \u2013 han var simpelthen Mr. Cricket i Danmark.<br>Forty Club med dav\u00e6rende pr\u00e6sident Ole Christiansen i spidsen har gennem \u00e5rene trukket et k\u00e6mpel\u00e6s med at samle spillere, og Ole C. blev hyldet med PR-battet i 2010.<br>I 2011 blev der spillet p\u00e5 hellig grund p\u00e5 Sor\u00f8 Akademi, hvor cricketsporten blev introduceret i Danmark i 1865. Et fornemt arrangement, som Legends-All Stars skylder Flemming Balstrup stor tak for.<br>Listen over modtagerne af PR-battet ser s\u00e5dan ud:<br>1995: Peter Fredberg.<br>1997: Ole Stan Mortensen.<br>1998: Ole Pedersen.<br>2004: Niels Torp Andersen.<br>2005: Jan Hansen.<br>2006: Peter S. Hargreaves og Flemming Balstrup.<br>2007: Jan Rasmussen.<br>2010: Ole Christiansen.<br>2011: Ole Olsen.<br>2012: Jesper Jensen.<br>2013: Steffen Meibom.<br>2014: S\u00f8ren Clausen.<br>2015: Johan Luther.<br>2016: Glenn Larsen.<\/p>\n","protected":false},"excerpt":{"rendered":"<p>Legends versus All Stars Peter Fredberg, tv., og Ole Stan Mortensen med det ber\u00f8mte PR-bat. Af Peter Fredberg, BTId\u00e9en til den efterh\u00e5nden historiske kamp mellem Mortensen\u2019s Legends og Fredberg All Stars havde Ole Stan Mortensen med hjem fra England, hvor <a href=\"http:\/\/forty.dk\/?page_id=455\" class=\"read-more\">L\u00c6S MERE &#8230;<\/a><\/p>\n","protected":false},"author":1,"featured_media":0,"parent":0,"menu_order":0,"comment_status":"closed","ping_status":"closed","template":"","meta":{"footnotes":""},"class_list":["post-455","page","type-page","status-publish","hentry"],"_links":{"self":[{"href":"http:\/\/forty.dk\/index.php?rest_route=\/wp\/v2\/pages\/455","targetHints":{"allow":["GET"]}}],"collection":[{"href":"http:\/\/forty.dk\/index.php?rest_route=\/wp\/v2\/pages"}],"about":[{"href":"http:\/\/forty.dk\/index.php?rest_route=\/wp\/v2\/types\/page"}],"author":[{"embeddable":true,"href":"http:\/\/forty.dk\/index.php?rest_route=\/wp\/v2\/users\/1"}],"replies":[{"embeddable":true,"href":"http:\/\/forty.dk\/index.php?rest_route=%2Fwp%2Fv2%2Fcomments&post=455"}],"version-history":[{"count":1,"href":"http:\/\/forty.dk\/index.php?rest_route=\/wp\/v2\/pages\/455\/revisions"}],"predecessor-version":[{"id":456,"href":"http:\/\/forty.dk\/index.php?rest_route=\/wp\/v2\/pages\/455\/revisions\/456"}],"wp:attachment":[{"href":"http:\/\/forty.dk\/index.php?rest_route=%2Fwp%2Fv2%2Fmedia&parent=455"}],"curies":[{"name":"wp","href":"https:\/\/api.w.org\/{rel}","templated":true}]}}