{"id":50,"date":"2023-01-24T08:56:15","date_gmt":"2023-01-24T08:56:15","guid":{"rendered":"https:\/\/forty.dk\/?page_id=50"},"modified":"2025-09-22T17:51:45","modified_gmt":"2025-09-22T17:51:45","slug":"kontakt-os","status":"publish","type":"page","link":"http:\/\/forty.dk\/?page_id=50","title":{"rendered":"Kontakt os"},"content":{"rendered":"\n<figure class=\"wp-block-image size-full is-resized\"><img loading=\"lazy\" decoding=\"async\" width=\"150\" height=\"150\" src=\"http:\/\/forty.dk\/wp-content\/uploads\/2023\/01\/comp1-1.gif\" alt=\"\" class=\"wp-image-267\" style=\"width:248px;height:248px\"\/><\/figure>\n\n\n\n<p>Du er meget velkommen til at kontakte os.<\/p>\n\n\n\n<p>Hvis du klikker ind p\u00e5 forsidens link til <em>bestyrelsen<\/em> finder du mailadresser til alle bestyrelsesmedlemmer.<\/p>\n\n\n\n<p>Klubbens pr\u00e6sident <strong>Michael Goeskj\u00e6r<\/strong> bor i Humleb\u00e6k og har denne mailadresse:<\/p>\n\n\n\n<p><strong>mgo@dahllaw.dk<\/strong> <\/p>\n\n\n\n<p><\/p>\n","protected":false},"excerpt":{"rendered":"<p>Du er meget velkommen til at kontakte os. Hvis du klikker ind p\u00e5 forsidens link til bestyrelsen finder du mailadresser til alle bestyrelsesmedlemmer. Klubbens pr\u00e6sident Michael Goeskj\u00e6r bor i Humleb\u00e6k og har denne mailadresse: mgo@dahllaw.dk<\/p>\n","protected":false},"author":1,"featured_media":0,"parent":0,"menu_order":0,"comment_status":"closed","ping_status":"closed","template":"","meta":{"footnotes":""},"class_list":["post-50","page","type-page","status-publish","hentry"],"_links":{"self":[{"href":"http:\/\/forty.dk\/index.php?rest_route=\/wp\/v2\/pages\/50","targetHints":{"allow":["GET"]}}],"collection":[{"href":"http:\/\/forty.dk\/index.php?rest_route=\/wp\/v2\/pages"}],"about":[{"href":"http:\/\/forty.dk\/index.php?rest_route=\/wp\/v2\/types\/page"}],"author":[{"embeddable":true,"href":"http:\/\/forty.dk\/index.php?rest_route=\/wp\/v2\/users\/1"}],"replies":[{"embeddable":true,"href":"http:\/\/forty.dk\/index.php?rest_route=%2Fwp%2Fv2%2Fcomments&post=50"}],"version-history":[{"count":5,"href":"http:\/\/forty.dk\/index.php?rest_route=\/wp\/v2\/pages\/50\/revisions"}],"predecessor-version":[{"id":1960,"href":"http:\/\/forty.dk\/index.php?rest_route=\/wp\/v2\/pages\/50\/revisions\/1960"}],"wp:attachment":[{"href":"http:\/\/forty.dk\/index.php?rest_route=%2Fwp%2Fv2%2Fmedia&parent=50"}],"curies":[{"name":"wp","href":"https:\/\/api.w.org\/{rel}","templated":true}]}}