{"id":1178,"date":"2024-04-29T11:47:44","date_gmt":"2024-04-29T11:47:44","guid":{"rendered":"https:\/\/forty.dk\/?page_id=1178"},"modified":"2024-08-24T23:34:57","modified_gmt":"2024-08-24T23:34:57","slug":"fredberg-mortensen-2024","status":"publish","type":"page","link":"https:\/\/forty.dk\/?page_id=1178","title":{"rendered":"Fredberg-Mortensen 2024"},"content":{"rendered":"\n<h5 class=\"wp-block-heading\"><strong>Legends og All Stars spillede den 23. august for 21. gang<\/strong>.<\/h5>\n\n\n\n<figure class=\"wp-block-image size-large\"><img loading=\"lazy\" decoding=\"async\" width=\"1024\" height=\"540\" src=\"https:\/\/forty.dk\/wp-content\/uploads\/2024\/08\/fm-holdet-1024x540.jpg\" alt=\"\" class=\"wp-image-1304\" srcset=\"https:\/\/forty.dk\/wp-content\/uploads\/2024\/08\/fm-holdet-1024x540.jpg 1024w, https:\/\/forty.dk\/wp-content\/uploads\/2024\/08\/fm-holdet-300x158.jpg 300w, https:\/\/forty.dk\/wp-content\/uploads\/2024\/08\/fm-holdet-768x405.jpg 768w, https:\/\/forty.dk\/wp-content\/uploads\/2024\/08\/fm-holdet-360x190.jpg 360w, https:\/\/forty.dk\/wp-content\/uploads\/2024\/08\/fm-holdet.jpg 1075w\" sizes=\"auto, (max-width: 1024px) 100vw, 1024px\" \/><\/figure>\n\n\n\n<h6 class=\"wp-block-heading has-text-align-center\">Klar til kamp p\u00e5 AB. Spillerne fra Mortensen Legends og Fredberg All Stars er linet op til kamp nr. 21.<\/h6>\n\n\n\n<p><strong>Stor hyldest til Ole C. og Sixtus<\/strong><\/p>\n\n\n\n<p>Af <em>Peter Fredberg<\/em><\/p>\n\n\n\n<p>Der skete noget helt specielt fredag 23. august 2024 p\u00e5 AB. I kamp nr. 21 fik klassikeren Mortensen Legends-Fredberg All Stars sit f\u00f8rste livsvarige \u00e6resmedlem.<\/p>\n\n\n\n<p>Ingen ud over trioen Ole Stan Mortensen, Niels Torp og denne signatur vidste, hvad der ville ske. Men at d\u00f8mme p\u00e5 de varme klapsalver i ABs restaurant under den tredje inning var det et godt valg.<\/p>\n\n\n\n<p>Forty-legenden Ole Christiansen blev hyldet til den store guldmedalje for den fornemme award. Som&nbsp;Ole Stan Mortensen sagde: &#8220;Ingen har et hjerte for dansk cricket som Ole C. Han elsker cricketsporten og er en person, vi alle beundrer for sit store og uselviske arbejde for bredden.&#8221;<\/p>\n\n\n\n<p>For Ole C. er kampen for Forty-sagen og cricketsportens bredde alfa og omega. Uden ham til at samle spillere i de tider, hvor der var sm\u00e5kriser, er det i \u00f8vrigt tvivlsomt, om matchen mellem legenderne og stjernerne havde n\u00e5et at fejre 20 \u00e5rs jubil\u00e6um.<\/p>\n\n\n\n<p>Apropos jubil\u00e6er, s\u00e5 var Ole C. selvf\u00f8lgelig ogs\u00e5 id\u00e9- og bagmand for Mortensen-Fredbergs jubil\u00e6umsbog og \u00e5ret efter for Dansk XL Cricket Clubs 60 \u00e5rs jubil\u00e6umsmagasin. Jo, en flittig skribent for sin hjertesag er han ogs\u00e5.<\/p>\n\n\n\n<p>Ole Christiansen lovede mig efter overr\u00e6kkelsen, at det flotte krus med indgraveringer vil f\u00e5 en \u00e6resplads i hjemmet ved K\u00f8ge Bugt.<\/p>\n\n\n\n<figure class=\"wp-block-gallery has-nested-images columns-default is-cropped wp-block-gallery-1 is-layout-flex wp-block-gallery-is-layout-flex\">\n<figure class=\"wp-block-image size-large\"><img loading=\"lazy\" decoding=\"async\" width=\"1024\" height=\"768\" data-id=\"1307\" src=\"https:\/\/forty.dk\/wp-content\/uploads\/2024\/08\/fm-PRbattet-1024x768.jpg\" alt=\"\" class=\"wp-image-1307\" srcset=\"https:\/\/forty.dk\/wp-content\/uploads\/2024\/08\/fm-PRbattet-1024x768.jpg 1024w, https:\/\/forty.dk\/wp-content\/uploads\/2024\/08\/fm-PRbattet-300x225.jpg 300w, https:\/\/forty.dk\/wp-content\/uploads\/2024\/08\/fm-PRbattet-768x576.jpg 768w, https:\/\/forty.dk\/wp-content\/uploads\/2024\/08\/fm-PRbattet-1536x1152.jpg 1536w, https:\/\/forty.dk\/wp-content\/uploads\/2024\/08\/fm-PRbattet-2048x1536.jpg 2048w, https:\/\/forty.dk\/wp-content\/uploads\/2024\/08\/fm-PRbattet-360x270.jpg 360w\" sizes=\"auto, (max-width: 1024px) 100vw, 1024px\" \/><\/figure>\n\n\n\n<figure class=\"wp-block-image size-large\"><img loading=\"lazy\" decoding=\"async\" width=\"734\" height=\"836\" data-id=\"1309\" src=\"https:\/\/forty.dk\/wp-content\/uploads\/2024\/08\/fm-pigen.jpg\" alt=\"\" class=\"wp-image-1309\" srcset=\"https:\/\/forty.dk\/wp-content\/uploads\/2024\/08\/fm-pigen.jpg 734w, https:\/\/forty.dk\/wp-content\/uploads\/2024\/08\/fm-pigen-263x300.jpg 263w, https:\/\/forty.dk\/wp-content\/uploads\/2024\/08\/fm-pigen-237x270.jpg 237w\" sizes=\"auto, (max-width: 734px) 100vw, 734px\" \/><figcaption class=\"wp-element-caption\">Screenshot<\/figcaption><\/figure>\n\n\n\n<figure class=\"wp-block-image size-large\"><img loading=\"lazy\" decoding=\"async\" width=\"1024\" height=\"768\" data-id=\"1308\" src=\"https:\/\/forty.dk\/wp-content\/uploads\/2024\/08\/fm-aeresmedlem-1-1024x768.jpg\" alt=\"\" class=\"wp-image-1308\" srcset=\"https:\/\/forty.dk\/wp-content\/uploads\/2024\/08\/fm-aeresmedlem-1-1024x768.jpg 1024w, https:\/\/forty.dk\/wp-content\/uploads\/2024\/08\/fm-aeresmedlem-1-300x225.jpg 300w, https:\/\/forty.dk\/wp-content\/uploads\/2024\/08\/fm-aeresmedlem-1-768x576.jpg 768w, https:\/\/forty.dk\/wp-content\/uploads\/2024\/08\/fm-aeresmedlem-1-1536x1152.jpg 1536w, https:\/\/forty.dk\/wp-content\/uploads\/2024\/08\/fm-aeresmedlem-1-2048x1536.jpg 2048w, https:\/\/forty.dk\/wp-content\/uploads\/2024\/08\/fm-aeresmedlem-1-360x270.jpg 360w\" sizes=\"auto, (max-width: 1024px) 100vw, 1024px\" \/><\/figure>\n<\/figure>\n\n\n\n<p>&#8220;Jeg er is\u00e6r stolt af, at det var Ole Mortensen, der overrakte mig kruset. Jeg har kendt ham i hele hans cricketliv. Lige siden han startede som drengespiller i Svanholm. Jeg var en af de f\u00f8rste, der s\u00e5 ham i crickett\u00f8j,&#8221; siger han.<\/p>\n\n\n\n<p>For 21. gang kommer der nu et nyt navn p\u00e5 det ber\u00f8mte PR-bat, Anders Sixtus Andersen. &#8220;Ikke den skinnende stjerne p\u00e5 banen, men Sixtus fra Ringsted er der altid og har supportet os i mange \u00e5r. Selv om han sl\u00e5s med \u00f8jenproblemer (gr\u00f8n st\u00e6r) og ikke har spillet l\u00e6nge, er han en vigtig del af kampen og hele milj\u00f8et omkring Mortensen-Fredberg. Det er en stor \u00e6re for mig at give ham battet. Sixtus er en sand legende,&#8221; siger Ole Stan Mortensen.<\/p>\n\n\n\n<p>Stor hyldest til Sixtus, som ikke skjulte sin gl\u00e6de og stolthed over at komme i selskab med alle de andre navne p\u00e5 battet.<\/p>\n\n\n\n<p>&#8220;Cricket har givet mig venner for livet. Jeg elsker kammeratskabet. Derfor har jeg ogs\u00e5 v\u00e6ret med p\u00e5 alle Oles otte rejser. Jeg har ogs\u00e5 v\u00e6ret med p\u00e5 Forty-rejser, selv om jeg kun har spillet to kampe,&#8221; siger han.<\/p>\n\n\n\n<p>Som noget nyt var der i \u00e5r en kvindelig spiller med, Juliet Christensen, som spiller p\u00e5 KBs damehold og i det daglige er idr\u00e6ts- og matematikl\u00e6rer p\u00e5 Gladsaxe Privatskole.<\/p>\n\n\n\n<p>&#8220;Min interesse og k\u00e6rlighed til cricketsporten fors\u00f8ger jeg at bringe videre i min idr\u00e6tsundervisning. Flere elever er blevet smittet af min fascination af cricket og spillets mange muligheder. Jeg kan m\u00e6rke, at de hygger sig bliver dygtigere,&#8221; siger Juliet Christensen, der selv startede som&nbsp;cricketspiller i 13-14 \u00e5rs alderen i Svanholm.<\/p>\n\n\n\n<p>Juliet er en ivrig idr\u00e6tspige, som holder sig i form med l\u00f8b, yoga og tennis, og det er ikke sidste gang, hun er med, n\u00e5r Mortensen-Fredberg ruller over gr\u00e6sset.<\/p>\n\n\n\n<p>Det var endnu en kampdag, hvor vejret b\u00f8d p\u00e5 problemer med regn og bl\u00e6st, men heldigvis kun i den f\u00f8rste halvdel af kampen. Det sidste par timer skinnede solen.<\/p>\n\n\n\n<p>Og hvordan gik det s\u00e5? Mortensen Legends var ikke kun bedst p\u00e5 papiret, men ogs\u00e5 p\u00e5 banen og vandt klart med 169 point mod 107. Hele fire mand (Ian Moore, Bashir Shah, Thomas Gerdes og Eric Folker) blev trukket, da de passerede 25 point, og Sasikanth Munagala scorede 20. Hos Fredberg All Stars scorede Alan Matthews 25 not out, Kamaljeet Singh 24 not out, Krishna Modugula 20 og Steve Mullins 17.<\/p>\n\n\n\n<p>S\u00f8ren Clausen havde en hilsen med fra Johan Luther, som havde gl\u00e6det sig til kampen, men m\u00e5tte melde fra p\u00e5 grund af svigtende helbred.<\/p>\n\n\n\n<h6 class=\"wp-block-heading has-text-align-center\"><strong>Billedtekster fra h\u00f8jre mod venstre<\/strong>:<\/h6>\n\n\n\n<h6 class=\"wp-block-heading has-text-align-center\">Ole Christiansen, tv, h\u00e6dres af Ole Stan Mortensen som livsvarigt \u00e6resmedlem.<\/h6>\n\n\n\n<h6 class=\"wp-block-heading has-text-align-center\">Juliet Christensen gjorde det godt for Fredberg All Stars og gl\u00e6der sig til n\u00e6ste \u00e5r.<\/h6>\n\n\n\n<h6 class=\"wp-block-heading has-text-align-center\">Ole Stan Mortensen, tv, overr\u00e6kker PR-battet til Anders Sixtus Andersen fra Ringsted.<\/h6>\n","protected":false},"excerpt":{"rendered":"<p>Legends og All Stars spillede den 23. august for 21. gang. Klar til kamp p\u00e5 AB. Spillerne fra Mortensen Legends og Fredberg All Stars er linet op til kamp nr. 21. Stor hyldest til Ole C. og Sixtus Af Peter <a href=\"https:\/\/forty.dk\/?page_id=1178\" class=\"read-more\">L\u00c6S MERE &#8230;<\/a><\/p>\n","protected":false},"author":1,"featured_media":0,"parent":0,"menu_order":0,"comment_status":"closed","ping_status":"closed","template":"","meta":{"footnotes":""},"class_list":["post-1178","page","type-page","status-publish","hentry"],"_links":{"self":[{"href":"https:\/\/forty.dk\/index.php?rest_route=\/wp\/v2\/pages\/1178","targetHints":{"allow":["GET"]}}],"collection":[{"href":"https:\/\/forty.dk\/index.php?rest_route=\/wp\/v2\/pages"}],"about":[{"href":"https:\/\/forty.dk\/index.php?rest_route=\/wp\/v2\/types\/page"}],"author":[{"embeddable":true,"href":"https:\/\/forty.dk\/index.php?rest_route=\/wp\/v2\/users\/1"}],"replies":[{"embeddable":true,"href":"https:\/\/forty.dk\/index.php?rest_route=%2Fwp%2Fv2%2Fcomments&post=1178"}],"version-history":[{"count":6,"href":"https:\/\/forty.dk\/index.php?rest_route=\/wp\/v2\/pages\/1178\/revisions"}],"predecessor-version":[{"id":1311,"href":"https:\/\/forty.dk\/index.php?rest_route=\/wp\/v2\/pages\/1178\/revisions\/1311"}],"wp:attachment":[{"href":"https:\/\/forty.dk\/index.php?rest_route=%2Fwp%2Fv2%2Fmedia&parent=1178"}],"curies":[{"name":"wp","href":"https:\/\/api.w.org\/{rel}","templated":true}]}}