{"id":136,"date":"2023-01-24T12:56:08","date_gmt":"2023-01-24T12:56:08","guid":{"rendered":"https:\/\/forty.dk\/?page_id=136"},"modified":"2023-02-19T10:28:20","modified_gmt":"2023-02-19T10:28:20","slug":"firkantturneringen-2022","status":"publish","type":"page","link":"https:\/\/forty.dk\/?page_id=136","title":{"rendered":"Firkantturneringen 2022"},"content":{"rendered":"\n<h1 class=\"wp-block-heading\"><\/h1>\n\n\n\n<figure class=\"wp-block-image size-full\"><img loading=\"lazy\" decoding=\"async\" width=\"288\" height=\"89\" src=\"http:\/\/forty.dk\/wp-content\/uploads\/2023\/01\/4-logoer-1.jpg\" alt=\"\" class=\"wp-image-140\"\/><\/figure>\n\n\n\n<h3 class=\"wp-block-heading\">Firkantturneringen i La Manga i oktober 2022<\/h3>\n\n\n\n<h2 class=\"wp-block-heading\">Artikel om Firkantturneringen<\/h2>\n\n\n\n<p>V\/Ole Christiansen<\/p>\n\n\n\n<p><strong>Firkantturneringen-22<\/strong><\/p>\n\n\n\n<p>Endelig kom vi i gang med firkantturneringen mellem Spanien, Holland, England og Danmark, sidst spillede vi i Neston i England 2019. Der spilles alle mod alle i to turneringer \u2013 en 20 overs og en 45 overs.<\/p>\n\n\n\n<p><strong>Mandag den 17. oktober 2022<\/strong> skal vi spille mod turneringens vindere, fra sidst der blev spillet i England. The Forty Club fra England. Grundet corona s\u00e5 har der ikke v\u00e6ret spillet siden. The Forty Club fra England var store favoritter, vi satte dog vor lid til speciel den forst\u00e6rkning der var kommet af jyske spillere.&nbsp;&nbsp;&nbsp;&nbsp;&nbsp;&nbsp;&nbsp;&nbsp;&nbsp;&nbsp;&nbsp;&nbsp;&nbsp;&nbsp;&nbsp;&nbsp;&nbsp;&nbsp;&nbsp;&nbsp;&nbsp;&nbsp;&nbsp;&nbsp;&nbsp;&nbsp;&nbsp;&nbsp;&nbsp;&nbsp;&nbsp;&nbsp;&nbsp;&nbsp; &nbsp;&nbsp;&nbsp;&nbsp;&nbsp;&nbsp;&nbsp;&nbsp;&nbsp;&nbsp;&nbsp;&nbsp;&nbsp;&nbsp;&nbsp;&nbsp;&nbsp;&nbsp;&nbsp;&nbsp;&nbsp;&nbsp;&nbsp;&nbsp;&nbsp;&nbsp;&nbsp;&nbsp;&nbsp;&nbsp;&nbsp;&nbsp;&nbsp;&nbsp;&nbsp;&nbsp;&nbsp;&nbsp;&nbsp;&nbsp;&nbsp;&nbsp;&nbsp;&nbsp;&nbsp;&nbsp;&nbsp;&nbsp;&nbsp;&nbsp;&nbsp;&nbsp;&nbsp;&nbsp;&nbsp;&nbsp;&nbsp;&nbsp;&nbsp;&nbsp;&nbsp;&nbsp;&nbsp; &nbsp;&nbsp;&nbsp;&nbsp;&nbsp;&nbsp;&nbsp;&nbsp;&nbsp;&nbsp;&nbsp;&nbsp;&nbsp;&nbsp;&nbsp;&nbsp;&nbsp;&nbsp;&nbsp;&nbsp;&nbsp;&nbsp;&nbsp;&nbsp;&nbsp;&nbsp;&nbsp;&nbsp;&nbsp;&nbsp;&nbsp;&nbsp;&nbsp;&nbsp;&nbsp;&nbsp;&nbsp;&nbsp;&nbsp;&nbsp;&nbsp;&nbsp;&nbsp;&nbsp;&nbsp;&nbsp;&nbsp;&nbsp;&nbsp;&nbsp;&nbsp;&nbsp;&nbsp;&nbsp;&nbsp;&nbsp;&nbsp;&nbsp;&nbsp;&nbsp;&nbsp;&nbsp;&nbsp;&nbsp;&nbsp;&nbsp;&nbsp;&nbsp;&nbsp;&nbsp;&nbsp;&nbsp;&nbsp;&nbsp;&nbsp;&nbsp;&nbsp;&nbsp;&nbsp;&nbsp;&nbsp;&nbsp;&nbsp;&nbsp;&nbsp;&nbsp;&nbsp;&nbsp;&nbsp;&nbsp;&nbsp;&nbsp;&nbsp;&nbsp;&nbsp;&nbsp;&nbsp;&nbsp;&nbsp;&nbsp;&nbsp;&nbsp;&nbsp;&nbsp;&nbsp;&nbsp;&nbsp;&nbsp;&nbsp;&nbsp;&nbsp; &nbsp;&nbsp;&nbsp;&nbsp;&nbsp;&nbsp;&nbsp;Vi vinder lodtr\u00e6kningen og v\u00e6lger at g\u00e5 til g\u00e6rdet. L\u00e6gger meget st\u00e6rkt ud med 240 for kun 5 g\u00e6rde p\u00e5 de 45 overs. De to Soranere, Ian Moore l\u00e6gger ud med 53, Keith Hayward 57, Theo Cupido, Aalborg 67x, skipper Michael Jeppesen, Glostrup 16 og Lars Hedegaard, Herning 34x. &nbsp;&nbsp;&nbsp;&nbsp;&nbsp;&nbsp;&nbsp;&nbsp;&nbsp;&nbsp;&nbsp; &nbsp;&nbsp;&nbsp;&nbsp;&nbsp;&nbsp;&nbsp;&nbsp;&nbsp;&nbsp;&nbsp;&nbsp;&nbsp;&nbsp;&nbsp;&nbsp;&nbsp;&nbsp;&nbsp;&nbsp;&nbsp;&nbsp;&nbsp;&nbsp;&nbsp;&nbsp;&nbsp;&nbsp;&nbsp;&nbsp;&nbsp;&nbsp;&nbsp;&nbsp;&nbsp;&nbsp;&nbsp;&nbsp;&nbsp;&nbsp;&nbsp;&nbsp;&nbsp;&nbsp;&nbsp;&nbsp;&nbsp;&nbsp;&nbsp;&nbsp;&nbsp;&nbsp;&nbsp;&nbsp;&nbsp;&nbsp;&nbsp;&nbsp;&nbsp;&nbsp;&nbsp;&nbsp;&nbsp;&nbsp; &nbsp;Meget st\u00e6rk kastning af specielt Sasi Munugala, T\u00e5strup 4 for 42, fulgt op af Jim Joyce, Fredericia 2 for 29, 1 g\u00e6rde til Jan Rasmussen, K\u00f8ge og Glenn Larsen, Glostrup. Samt to greb af b\u00e5de Peter Crawford, Aarhus og Sasi Munugala. Disse flotte resultater s\u00f8rgede for, at alle engl\u00e6nderne var ude for 225. S\u00e5 en sejr p\u00e5 f\u00f8rste dagen til os over engl\u00e6nderne.<\/p>\n\n\n\n<figure class=\"wp-block-image size-full is-resized\"><img loading=\"lazy\" decoding=\"async\" src=\"http:\/\/forty.dk\/wp-content\/uploads\/2023\/01\/Lamangaholdet-2022.jpg\" alt=\"\" class=\"wp-image-196\" width=\"409\" height=\"307\" srcset=\"https:\/\/forty.dk\/wp-content\/uploads\/2023\/01\/Lamangaholdet-2022.jpg 1024w, https:\/\/forty.dk\/wp-content\/uploads\/2023\/01\/Lamangaholdet-2022-300x225.jpg 300w, https:\/\/forty.dk\/wp-content\/uploads\/2023\/01\/Lamangaholdet-2022-768x576.jpg 768w, https:\/\/forty.dk\/wp-content\/uploads\/2023\/01\/Lamangaholdet-2022-360x270.jpg 360w\" sizes=\"auto, (max-width: 409px) 100vw, 409px\" \/><\/figure>\n\n\n\n<p><strong>Holdet der slog The Forty Club og som senere blev turneringsvindere:<\/strong><\/p>\n\n\n\n<p>Fra venstre: Krishna Modugula, Jim Joyce, Jan Rasmussen, Glenn Larsen, Theo Cupido, Ian Moore, Lars Hedegaard, kn\u00e6lende, Peter Crawford, Michael Jeppesen, Keith Hayward, Sasikanth Munugala, og Michael Goeskj\u00e6r.<\/p>\n\n\n\n<p>Allerede n\u00e6ste dag <strong>tirsdag den 18<\/strong> skal vi igen spille mod The Forty Club i T20 turneringen. Der var \u201dlagt i kakkelovnen\u201d til os, s\u00e5 Engl\u00e6nderne hamrer 180 ud for kun 3 g\u00e6rde. Jan \u00d8stergaard og J. Joyce hver 1 g\u00e6rde for 18 point. Vi stritter godt imod, Krishna Modugula score century 103x p\u00e5 bare 59 bolde, Keith Hayward 31. Desv\u00e6rre kunne vore \u00f8vrige g\u00e6rdespillere ikke levere samme pr\u00e6stationer s\u00e5 vi slutter p\u00e5 158\/6.<\/p>\n\n\n\n<p>Samme dag spiller SGS Holland ogs\u00e5 mod Engl\u00e6nderne i T20 turneringen. SGS 165 for fire \u2013 Engl\u00e6nderne 174 for 4. S\u00e5 to sejre i T20 turneringen, samme dag til The Forty Club fra England.<\/p>\n\n\n\n<p>Vi spiller en T20 kamp mere samme dag mod Cricket Espania. Vi batter f\u00f8rst, mister vore \u00e5bningsg\u00e6rde hurtigt, men Peter Mortensen, Svendborg 22, Krishna Modugula 17, Peter Crawford Aarhus 30 og Jim Joyce 11 retter lidt op p\u00e5 scoren som slutter p\u00e5 137 for 8 g\u00e6rde fald. Vor kastning st\u00e5r ikke m\u00e5l med tidligere vi tager kun et g\u00e6rde, Jan \u00d8stergaard, Fredericia tager det. S\u00e5 spanierne scorer 142 p\u00e5 12,4 overs.<\/p>\n\n\n\n<p><strong>Onsdag den 19 <\/strong>G\u00e6lder det 45 overs kampen mod SGS fra Holland, Vi kommer til g\u00e6rdet f\u00f8rst og scorer 238. Flere nye g\u00e6rdespiller med store scorer: Lars Hedegaard, Herning 91, Theo Cupido 49 og anf\u00f8rer Michael Jeppesen 48.&nbsp;Igen st\u00e6rk kastning og markspil fejer holl\u00e6nderne ud af banen, de scorer kun 140 for 6 g\u00e6rdefald. Glenn Larsen 3 for 19, Theo Cupido 3 for 38 og Jan Rasmussen, K\u00f8ge 2 for 24. Bl\u00e6ndende markspild keeper Lars Hedegaard 3 stokninger og 2 greb, Sasikanth havde ogs\u00e5 2 greb &#8211; 6 greb i alt. Allerede efter 2 kampe kan vi notere at Dansk XL CC er vindere af 45 overs turneringen. Stort tillykke fra den \u201dgamle\u201d \u00e6respr\u00e6sident og alle \u00f8vrige danske old boys spillere.<\/p>\n\n\n\n<p>Der er nu spillet 3 dage i Spaniens varme sol og vi har allerede spillet 4 kampe, 2 T45 og 2 T20, spillerne er lidt m\u00f8re i kroppen, s\u00e5 meget cricket og med s\u00e5 f\u00e5 spillere, 15. Vi skal i kamp igen der er blevet <strong>torsdag den 20,<\/strong> modstanderen er Cricket Espania. Vi v\u00e6lger at g\u00e5 til g\u00e6rdet f\u00f8rst og h\u00e5ber p\u00e5 vor gode g\u00e6rdeside. F\u00f8rste g\u00e6rde falder ved 44, det er Ian Moore fra Soranerne der m\u00e5 ud med kun 10. Desv\u00e6rre falder det andet \u00e5bningsg\u00e6rde kort efter, Keith Hayward 33 m\u00e5 ud i pavillonen, 3 g\u00e6rde Krishna forlader ogs\u00e5 hurtig arenaen med kun 3, Theo bider sig godt fast som 3. g\u00e6rde og scorer 80x, Lars Hedegaard 59, Jim 37 og anf\u00f8rer \u201dJeppe\u201d 19x. Vi slutter med 260 for 5 p\u00e5 de 45 overs. &nbsp;Vore kastere slider godt i det og \u201dskipper Jeppe\u201d pr\u00f8ver meget men kun Krishna 3 for 31 og ham selv 2 for 4 f\u00e5r mere en et g\u00e6rde hvilket Glenn og Sasikanth bliver noteret for. Spanierne batter over i den 39 over 284 for 7 blev resultatet.<\/p>\n\n\n\n<p><strong>Fredag den 21 <\/strong>Er der ikke mere krudt i spillerne, hverken Holl\u00e6nderne eller Dansk XL havde spillere eller kr\u00e6fter tilbage. Da vores programsatte T20 kamp ingen betydning havde, s\u00e5 enedes man om at spille T10 overs kamp. Peter Mortensen 14, Michael Goeskj\u00e6r, Soraner 18, Glenn Larsen 13, Ian Moore 10. Vi slutter med 61 for 4. SGS Holland batter over i den 7 over. Kun Peter Mortensen tager g\u00e6rde 2 for 9.<\/p>\n\n\n\n<p>Under afslutningsfesten, blev gentleman pokalen overrakt til Barry Aitken fra The Forty Club i England. Pokalen blev for mange \u00e5r siden sk\u00e6nket af Henning Olesen Aalborg. En god hyggelig og dejlig cricket uge er slut og Dansk XL CC kunne rejse hjem med den store pokal og gl\u00e6de os til n\u00e6ste \u00e5r i Utrecht Holland, fra den 16. til 22. juli. Vi har dog et fromt \u00f8nske, vi vil gerne have nogle flere spillere med.<\/p>\n\n\n\n<div style=\"height:100px\" aria-hidden=\"true\" class=\"wp-block-spacer\"><\/div>\n\n\n\n<h2 class=\"wp-block-heading\">Til alle i og omkring Dansk XL<\/h2>\n\n\n\n<p>S\u00e5 er der <strong>godt nyt om Firkantturneringen 2022<\/strong>. Den vil blive afholdt i uge 42 (16. \u2013 22. oktober) i La Manga, Spanien.<\/p>\n\n\n\n<p>Kampene vil blive spillet p\u00e5 samme baner, som en del af os\/jer allerede kender: La Manga Sports Resort. Der spilles p\u00e5 kunstpitche, som vi kender dem fra Danmark.<\/p>\n\n\n\n<p>Overnatning bliver p\u00e5 et hotel, Hotel Delfines, som ligger lidt uden for La Manga Sportscenter. Der vil v\u00e6re gode muligheder for lokal transport til og fra hotellet til cricketbanerne. Ca. 10-15 minutter.<\/p>\n\n\n\n<p>Turneringsarrangementet er det samme som i de forudg\u00e5ende \u00e5r med seks kampe i alt: Tre 45-overs kampe og tre T20 kampe spillet fra mandag 17. oktober til fredag 21. oktober. S\u00e5 vi skal ideelt set bruge mange spillere.<\/p>\n\n\n\n<p>Vi har f\u00e5et et tilbud fra Kevin Laundon i Cricket Espana der lyder som f\u00f8lger:<\/p>\n\n\n\n<p>Spillere: Pakkepris p\u00e5 Euro 575 (ca. 4.300 kroner) som d\u00e6kker:<\/p>\n\n\n\n<p>\u2013 Seks overnatninger (s\u00f8ndag til l\u00f8rdag) p\u00e5 Hotel Delfines i delte dobbeltv\u00e6relser. Enkeltv\u00e6relser 25% ekstra oveni.<br>\u2013 Morgenmad<br>\u2013 Buffetmiddag hver aften p\u00e5 hotellet<br>\u2013 Sandwiches til frokost under kampene<br>\u2013 Gallamiddag fredag aften<br>\u2013 Gruppetransport frem og tilbage mellem hotel og baner<\/p>\n\n\n\n<p>Ikke-spillere: Pakkepris Euro 360 (ca. 2.700 kroner) som d\u00e6kker<\/p>\n\n\n\n<p>\u2013 Seks overnatninger (s\u00f8ndag til l\u00f8rdag) p\u00e5 Hotel Delfines i delte dobbeltv\u00e6relser. Enkeltv\u00e6relser 25% ekstra oveni.<br>\u2013 Morgenmad<br>\u2013 Gallamiddag<br>\u2013 Gruppetransport frem og tilbage mellem hotel og baner.<\/p>\n\n\n\n<p>Transport til Spanien og transport i Spanien mellem lufthavn og La Manga (n\u00e6rmeste lufthavne er Murcia og Alicante) er ikke inkluderet i ovenn\u00e6vnte priser.<\/p>\n\n\n\n<p>Mindre justeringer af ovenn\u00e6vnte priser kan forekomme \u2013 afh\u00e6ngig af de informationer vi modtager fra Spanien. Jeg har foresl\u00e5et Kevin Laundon at de ikke-spillere, der \u00f8nsker det, kan opgradere til samme pakke mht. m\u00e5ltider som spillere.<\/p>\n\n\n\n<p>Der skal betales et depositum p\u00e5 30% ved bestilling. Depositum refunderes fuldt ud i tilf\u00e6lde af aflysning pga. Corona (m\u00e5 gud forbyde mere af den slags). Restbel\u00f8b skal betales senest fem uger f\u00f8r ankomst.<\/p>\n\n\n\n<p>Det er en foruds\u00e6tning for deltagelse, at man er medlem af Dansk XL. Og der vil derudover blive opkr\u00e6vet et turneringsfee af Dansk XL i omegnen af kr. 300 pr. spiller til at d\u00e6kke omkostninger til bl.a. cricketbolde, en kasse \u00f8l efter kampene, og lignende.<\/p>\n\n\n\n<p>TILMELDING: Hvis man allerede nu ved, at man gerne vil med p\u00e5 turen, bedes man om at give undertegnede besked s\u00e5 hurtigt som muligt og meget gerne inden 1. marts. Hellere i morgen end i overmorgen. Det g\u00f8r man ved at skrive til mig p\u00e5 oh.msc@cbs.dk.<\/p>\n\n\n\n<p>Mvh<br>Ole Helmersen<\/p>\n","protected":false},"excerpt":{"rendered":"<p>Firkantturneringen i La Manga i oktober 2022 Artikel om Firkantturneringen V\/Ole Christiansen Firkantturneringen-22 Endelig kom vi i gang med firkantturneringen mellem Spanien, Holland, England og Danmark, sidst spillede vi i Neston i England 2019. Der spilles alle mod alle i <a href=\"https:\/\/forty.dk\/?page_id=136\" class=\"read-more\">L\u00c6S MERE &#8230;<\/a><\/p>\n","protected":false},"author":1,"featured_media":0,"parent":0,"menu_order":0,"comment_status":"closed","ping_status":"closed","template":"","meta":{"footnotes":""},"class_list":["post-136","page","type-page","status-publish","hentry"],"_links":{"self":[{"href":"https:\/\/forty.dk\/index.php?rest_route=\/wp\/v2\/pages\/136","targetHints":{"allow":["GET"]}}],"collection":[{"href":"https:\/\/forty.dk\/index.php?rest_route=\/wp\/v2\/pages"}],"about":[{"href":"https:\/\/forty.dk\/index.php?rest_route=\/wp\/v2\/types\/page"}],"author":[{"embeddable":true,"href":"https:\/\/forty.dk\/index.php?rest_route=\/wp\/v2\/users\/1"}],"replies":[{"embeddable":true,"href":"https:\/\/forty.dk\/index.php?rest_route=%2Fwp%2Fv2%2Fcomments&post=136"}],"version-history":[{"count":6,"href":"https:\/\/forty.dk\/index.php?rest_route=\/wp\/v2\/pages\/136\/revisions"}],"predecessor-version":[{"id":584,"href":"https:\/\/forty.dk\/index.php?rest_route=\/wp\/v2\/pages\/136\/revisions\/584"}],"wp:attachment":[{"href":"https:\/\/forty.dk\/index.php?rest_route=%2Fwp%2Fv2%2Fmedia&parent=136"}],"curies":[{"name":"wp","href":"https:\/\/api.w.org\/{rel}","templated":true}]}}