{"id":1705,"date":"2025-05-17T08:11:12","date_gmt":"2025-05-17T08:11:12","guid":{"rendered":"https:\/\/forty.dk\/?page_id=1705"},"modified":"2025-05-17T08:15:17","modified_gmt":"2025-05-17T08:15:17","slug":"fredberg-80-aar","status":"publish","type":"page","link":"https:\/\/forty.dk\/?page_id=1705","title":{"rendered":"Fredberg &#8211; 80 \u00e5r"},"content":{"rendered":"\n<p><strong>Alsidig&nbsp; sportsmand<\/strong><\/p>\n\n\n\n<p><strong>runder skarpt hj\u00f8rne<\/strong><\/p>\n\n\n\n<figure class=\"wp-block-image size-full is-resized\"><img loading=\"lazy\" decoding=\"async\" width=\"768\" height=\"1024\" src=\"https:\/\/forty.dk\/wp-content\/uploads\/2025\/05\/Peter-Fredberg-foto.jpg\" alt=\"\" class=\"wp-image-1708\" style=\"width:230px;height:auto\" srcset=\"https:\/\/forty.dk\/wp-content\/uploads\/2025\/05\/Peter-Fredberg-foto.jpg 768w, https:\/\/forty.dk\/wp-content\/uploads\/2025\/05\/Peter-Fredberg-foto-225x300.jpg 225w, https:\/\/forty.dk\/wp-content\/uploads\/2025\/05\/Peter-Fredberg-foto-203x270.jpg 203w\" sizes=\"auto, (max-width: 768px) 100vw, 768px\" \/><\/figure>\n\n\n\n<p>En kendt aalborgdreng<strong>, Peter Fredberg<\/strong>, fylder s\u00f8ndag den 18.maj 80 \u00e5r. Han er absolut \u201dstill-going strong\u201d &#8211; og nyder stadigv\u00e6k masser af motion i Dyrehaven t\u00e6t p\u00e5 bop\u00e6len i Hjortek\u00e6r i udkanten af K\u00f8benhavn.<\/p>\n\n\n\n<p>Peter Fredberg er opvokset i et attraktivt omr\u00e5de i den sydlige del af Aalborg p\u00e5 Degnelodden. Blot et stenkast fra Changs anl\u00e6g p\u00e5 Provstejorden. Det var ogs\u00e5 i denne klub, at f\u00f8dselaren begyndt at dyrke idr\u00e6t. Det var b\u00e5de fodbold og cricket. Det blev sidstn\u00e6vnte sportsgren, der f\u00e6ngede mest p\u00e5 det tidspunkt \u2013 og siden blev til to danske mesterskaber i juniorcricket i 1962 og 63. P\u00e5 holdet var et kuld dygtige og alsidige unge mennesker, hvoraf flere fik en del f\u00f8rsteholdskampe for Changcricket &#8211; og ligeledes blev der udkl\u00e6kket nogle landsholdsspillere, der repr\u00e6senterede Danmark p\u00e5 fornem vis.<\/p>\n\n\n\n<p>F\u00f8dselaren blev student fra det nybyggede, Aalborghus Gymnasium, i 1964. Derefter startede han som journalistelev p\u00e5 Svendborg Avis`Faaborg\u2013redaktion blot et par dage efter eksamen. Det blev en sk\u00f8n tid i det fynske med ophold i Faaborg, Svendborg og senere Fyens Tidende i Odense. Opholdet blev dog af kortere varighed, da B.T.s sportsredaktion i 1970 kom med et attraktivt tilbud. Han var ansat p\u00e5 den kendte formiddagsavis indtil 2015, og gik p\u00e5 pension p\u00e5 sin 45 \u00e5rs jubil\u00e6umsdag i Det Berlingske Hus.<\/p>\n\n\n\n<p>Peter Fredberg havde sine prim\u00e6re stofomr\u00e5der i bl.a. ishockey, atletik og motion. Han var udsendt af B.T. til 13 olympiske lege. I 1987 blev han tildelt \u201dDen Gyldne Pen\u201d, en fornem h\u00e6der, som \u201d\u00c5rets Sportsjournalist\u201d.<\/p>\n\n\n\n<p>P\u00e5 det sportslige plan har han spillet t\u00e6t p\u00e5 300 divisionskampe i bordtennis for Aalborg, Faaborg, Svendborg og prim\u00e6rt Virum-Sorgenfri Bordtennisklub. Han har vundet 19 danske veteranmesterskaber, og opn\u00e5ede den fornemme h\u00e6der, at blive Virum-Sorgenfris f\u00f8rste \u00e6resmedlem.<\/p>\n\n\n\n<p>Siden blev maraton, Fredbergs helt store lidenskab. Han har gennem \u00e5rene gennemf\u00f8rt 122 maratonl\u00f8b p\u00e5 42 kilometer i det meste af verdenen med enorme oplevelser i k\u00f8lvandet. Der er l\u00f8bet blandt andet p\u00e5 Kilimanjaro (Tanzania), Sydafrikas \u201dbig five\u201d, The Great Wall maraton (Kina) og p\u00e5 den gr\u00f8nlandske indlandsis. Gammel k\u00e6rlighed ruster ikke. Derfor var det, Peter Fredberg og Danmarks bedste cricketspiller, Ole \u201dStan\u201d Mortensen (12 \u00e5r professionel i Derbyshire) i 1995 tilf\u00e6ldigt m\u00f8dtes i Hjortek\u00e6r efter sidstn\u00e6vnte var vendt hjem til Danmark. Hvorfor laver vi en \u00e5rlig cricketmatch mellem Pressen og et udvalgt hold, sagde Ole Mortensen, der netop havde afsluttet karrieren i 1994 i UK med et testimorial-\u00e5r i Midtengland. Ideen blev gennemf\u00f8rt og den f\u00f8rste match blev spillet p\u00e5 Svanholms dejlige anl\u00e6g. Siden er Mortensen-Fredberg blev afviklet \u00e5rligt hele 22 gange. Efter hver kamp overr\u00e6kkes det \u201d\u00e6refulde\u201d cricketbat med inskription, som er yderst eftertragtet.&nbsp;<\/p>\n\n\n\n<p>F\u00f8dselsdagen bliver fejret i famili\u00e6re omgivelser.<\/p>\n","protected":false},"excerpt":{"rendered":"<p>Alsidig&nbsp; sportsmand runder skarpt hj\u00f8rne En kendt aalborgdreng, Peter Fredberg, fylder s\u00f8ndag den 18.maj 80 \u00e5r. Han er absolut \u201dstill-going strong\u201d &#8211; og nyder stadigv\u00e6k masser af motion i Dyrehaven t\u00e6t p\u00e5 bop\u00e6len i Hjortek\u00e6r i udkanten af K\u00f8benhavn. Peter <a href=\"https:\/\/forty.dk\/?page_id=1705\" class=\"read-more\">L\u00c6S MERE &#8230;<\/a><\/p>\n","protected":false},"author":1,"featured_media":0,"parent":0,"menu_order":0,"comment_status":"closed","ping_status":"closed","template":"","meta":{"footnotes":""},"class_list":["post-1705","page","type-page","status-publish","hentry"],"_links":{"self":[{"href":"https:\/\/forty.dk\/index.php?rest_route=\/wp\/v2\/pages\/1705","targetHints":{"allow":["GET"]}}],"collection":[{"href":"https:\/\/forty.dk\/index.php?rest_route=\/wp\/v2\/pages"}],"about":[{"href":"https:\/\/forty.dk\/index.php?rest_route=\/wp\/v2\/types\/page"}],"author":[{"embeddable":true,"href":"https:\/\/forty.dk\/index.php?rest_route=\/wp\/v2\/users\/1"}],"replies":[{"embeddable":true,"href":"https:\/\/forty.dk\/index.php?rest_route=%2Fwp%2Fv2%2Fcomments&post=1705"}],"version-history":[{"count":2,"href":"https:\/\/forty.dk\/index.php?rest_route=\/wp\/v2\/pages\/1705\/revisions"}],"predecessor-version":[{"id":1709,"href":"https:\/\/forty.dk\/index.php?rest_route=\/wp\/v2\/pages\/1705\/revisions\/1709"}],"wp:attachment":[{"href":"https:\/\/forty.dk\/index.php?rest_route=%2Fwp%2Fv2%2Fmedia&parent=1705"}],"curies":[{"name":"wp","href":"https:\/\/api.w.org\/{rel}","templated":true}]}}