{"id":1715,"date":"2025-06-25T11:38:51","date_gmt":"2025-06-25T11:38:51","guid":{"rendered":"https:\/\/forty.dk\/?page_id=1715"},"modified":"2025-08-30T14:33:45","modified_gmt":"2025-08-30T14:33:45","slug":"fredberg-mortensen-2025","status":"publish","type":"page","link":"https:\/\/forty.dk\/?page_id=1715","title":{"rendered":"Fredberg-Mortensen 2025"},"content":{"rendered":"\n<p><strong>Mortensen Legends og Fredberg All Stars for 22. gang &#8211; hvor Tim Krarup fik \u00e5rets PR-bat.<\/strong><\/p>\n\n\n\n<p class=\"has-text-align-left\">Af <em>Peter Fredberg<\/em><\/p>\n\n\n\n<div class=\"wp-block-columns is-layout-flex wp-container-core-columns-is-layout-9d6595d7 wp-block-columns-is-layout-flex\">\n<div class=\"wp-block-column is-layout-flow wp-block-column-is-layout-flow\">\n<figure class=\"wp-block-image size-full is-resized\"><img loading=\"lazy\" decoding=\"async\" width=\"640\" height=\"494\" src=\"https:\/\/forty.dk\/wp-content\/uploads\/2025\/08\/FM25-bat.jpeg\" alt=\"\" class=\"wp-image-1936\" style=\"width:227px;height:auto\" srcset=\"https:\/\/forty.dk\/wp-content\/uploads\/2025\/08\/FM25-bat.jpeg 640w, https:\/\/forty.dk\/wp-content\/uploads\/2025\/08\/FM25-bat-300x232.jpeg 300w, https:\/\/forty.dk\/wp-content\/uploads\/2025\/08\/FM25-bat-100x77.jpeg 100w, https:\/\/forty.dk\/wp-content\/uploads\/2025\/08\/FM25-bat-350x270.jpeg 350w\" sizes=\"auto, (max-width: 640px) 100vw, 640px\" \/><\/figure>\n<\/div>\n\n\n\n<div class=\"wp-block-column is-layout-flow wp-block-column-is-layout-flow\">\n<figure class=\"wp-block-image size-full is-resized\"><img loading=\"lazy\" decoding=\"async\" width=\"640\" height=\"558\" src=\"https:\/\/forty.dk\/wp-content\/uploads\/2025\/08\/Fm25-2piger.jpeg\" alt=\"\" class=\"wp-image-1937\" style=\"width:201px;height:auto\" srcset=\"https:\/\/forty.dk\/wp-content\/uploads\/2025\/08\/Fm25-2piger.jpeg 640w, https:\/\/forty.dk\/wp-content\/uploads\/2025\/08\/Fm25-2piger-300x262.jpeg 300w, https:\/\/forty.dk\/wp-content\/uploads\/2025\/08\/Fm25-2piger-100x87.jpeg 100w, https:\/\/forty.dk\/wp-content\/uploads\/2025\/08\/Fm25-2piger-310x270.jpeg 310w\" sizes=\"auto, (max-width: 640px) 100vw, 640px\" \/><\/figure>\n<\/div>\n\n\n\n<div class=\"wp-block-column is-layout-flow wp-block-column-is-layout-flow\">\n<figure class=\"wp-block-image size-full\"><img loading=\"lazy\" decoding=\"async\" width=\"640\" height=\"424\" src=\"https:\/\/forty.dk\/wp-content\/uploads\/2025\/08\/FM25-holdet.jpeg\" alt=\"\" class=\"wp-image-1938\" srcset=\"https:\/\/forty.dk\/wp-content\/uploads\/2025\/08\/FM25-holdet.jpeg 640w, https:\/\/forty.dk\/wp-content\/uploads\/2025\/08\/FM25-holdet-300x199.jpeg 300w, https:\/\/forty.dk\/wp-content\/uploads\/2025\/08\/FM25-holdet-100x66.jpeg 100w, https:\/\/forty.dk\/wp-content\/uploads\/2025\/08\/FM25-holdet-360x239.jpeg 360w\" sizes=\"auto, (max-width: 640px) 100vw, 640px\" \/><\/figure>\n<\/div>\n<\/div>\n\n\n\n<p class=\"has-text-align-center\"><em>Ole Stan Mortensen, tv, overr\u00e6kker PR-battet til Tim Krarup.\u00a0<\/em><\/p>\n\n\n\n<p class=\"has-text-align-center\"><em>For f\u00f8rste gang var der to kvindelige spillere med i kampen &#8211; Juliet Christensen, tv, og Pernille Borchersen.<\/em><\/p>\n\n\n\n<p class=\"has-text-align-center\"><em>Mortensen Legends og Fredberg All Stars klar til kamp for 22. gang.<\/em><\/p>\n\n\n\n<p>N\u00e5r Ole Stan Mortensen sl\u00e5r p\u00e5 glasset og rejser sig for at afsl\u00f8re, hvem der skal have PR-battet til en prisv\u00e6rdig deltager i matchen Mortensen Legends-Fredberg All Stars, er det v\u00e6rd at lytte. P\u00e5 det oratoriske plan har den gamle fastbowler nemlig ogs\u00e5 et stort talent.<\/p>\n\n\n\n<p>\u00c5rets modtager af battet med de 22 navne (i 2006 var der to navne, de legendariske dommere Peter S. Hargreaves og Flemming Balstrup), f\u00e5r nu et nyt navn indgraveret. Det 23. navn er Tim Krarup.<\/p>\n\n\n\n<p>Tim bor i dag i Ry i det smukke \u00f8stjyske s\u00f8landskab p\u00e5 en g\u00e5rd med heste og ridestald. Det fort\u00e6ller lidt om hans k\u00e6rlighed til cricketsporten, at han gerne tager den lange vej til klubben i Bagsv\u00e6rd, selv om arbejdet ogs\u00e5 tit bringer ham til K\u00f8benhavn.<\/p>\n\n\n\n<p>I sine velmagtsdage spillede han 25 landskampe, n\u00e6sten alle som \u00e5bningsg\u00e6rde sammen med sin bror Jan. For Dansk XL CC er det blevet til to centuries.<\/p>\n\n\n\n<p>I magasinet &#8220;Legenderne og stjernerne&#8221; fort\u00e6ller han om flere farverige oplevelser i sin hjertesport, bl.a. om bes\u00f8get af verdensmestrene fra Australien i 1989, hvor han \u00e5bnede for Danmark i begge kampe:<\/p>\n\n\n\n<p>&#8220;Jeg glemmer aldrig arrangementet om aftenen p\u00e5 Svanholm, hvor jeg under spisningen sad med Allan Border over for mig og med Dean Jones og David Boon p\u00e5 hver side. Det kan vel sidestilles med et serie 1-hold fra Hvide Sande, som spiller kamp i Parken mod et dansk landshold, og efterf\u00f8lgende har man Michael Laudrup, Preben Elkj\u00e6r og Allan Simonsen siddende til bords.&#8221;<\/p>\n\n\n\n<p>Han mindes ogs\u00e5 de drabelige dueller med Ole Stan Mortensen, som han blev konfronteret med i 1981 og &#8217;82, inden Ole kom til Derbyshire CCC og indledte en gylden professionel karriere i England, Australien og New Zealand.<\/p>\n\n\n\n<p>Tim voksede op i Esbjerg med barndomshjemmet, cricketklubben og skolen inden for en radius p\u00e5 500 meter, s\u00e5 det var helt naturligt, at han som ti\u00e5rig i midten af 70&#8217;erne begyndte at spille cricket.<\/p>\n\n\n\n<p>&#8220;Jeg er stolt over at komme i selskab med alle de flotte navne, der st\u00e5r p\u00e5 battet,&#8221; kvitterede han.<\/p>\n\n\n\n<p><strong>I den 22. udgave af \u00e5rets kamp var der for f\u00f8rste gang to kvindelige spillere med, KBs Juliet Christensen (som ogs\u00e5 deltog sidste \u00e5r) og Pernille Borchersen.<\/strong><\/p>\n\n\n\n<p>&#8220;Jeg er glad for, at Juliet spurgte mig, om jeg havde lyst til at deltage, selv om det er ti \u00e5r siden, jeg sidst spillede. Det var en sk\u00f8n oplevelse at pr\u00f8ve det igen. Tak til de mandlige spillere for en god modtagelse, en sp\u00e6ndende kamp og en festlig afslutningen i ABs restaurant,&#8221; siger Pernille.<\/p>\n\n\n\n<p>Hun startede karrieren i Svanholm, og bag hendes skifte til Glostrup gemmer sig en sjov historie.<\/p>\n\n\n\n<p>&#8220;Jeg var for 25 \u00e5r siden til et indest\u00e6vne i Glostrup. Jeg var spiller og kom efter kampen i snak med dommeren, David. Han spillede for Glostrup og var landsholdsspiller, men jeg kendte ham ikke. Jeg interesserede mig i \u00f8vrigt ikke for herrecricket. Kun for damecricket. Nogle \u00e5r senere blev vi gift,&#8221; siger Pernille med et stort smil.<\/p>\n\n\n\n<p>David Borchersen var i mange \u00e5r fast mand p\u00e5 landsholdet og spillede 41 landskampe. I dag g\u00e5r han mere op i golf.<\/p>\n\n\n\n<p>Og \u00e5rets kamp? <strong>Legenderne vandt efter et knivskarpt opg\u00f8r med cifrene 105 mod 101<\/strong>. Afg\u00f8relsen faldt p\u00e5 kampens n\u00e6stsidste bold. Kun \u00e9n gang tidligere har det v\u00e6ret t\u00e6ttere. I den f\u00f8rste kamp i 1995 scorede S\u00f8ren Henriksen det vindende point p\u00e5 den allersidste bold.<\/p>\n\n\n\n<p>For Fredberg All Stars, som vandt lodtr\u00e6kningen og gik til g\u00e6rdet, scorede Keith Hayward og Sasikanth Munagala hver 20 point not out, Tim Krarup 17, Anders Rex 15 not out, Philip Lewis 12 og Juliet Christensen 7. Nihal Tissera var bedste kaster med to for 17. Mortensen&nbsp;Legends&#8217; mest scorende var Francis Mel med 25 not out, Adam Sarten 23 not out og Bharath Madderi 21.<\/p>\n\n\n\n<p>En r\u00e6kke sidste \u00f8jebliks afbud kastede en grim skygge over kampen og reducerede de to hold til otte mand p\u00e5 hver side. Her er noget, der skal rettes op p\u00e5 n\u00e6ste \u00e5r. Til geng\u00e6ld var den smukke efter\u00e5rssol med os, og den velplejede bane p\u00e5 AB f\u00e5r topkarakter.<\/p>\n\n\n\n<div style=\"height:100px\" aria-hidden=\"true\" class=\"wp-block-spacer\"><\/div>\n\n\n\n<h3 class=\"wp-block-heading\"><strong>Juliet og Pernille klar til matchen Mortensen-Fredberg<\/strong><\/h3>\n\n\n<div class=\"wp-block-image\">\n<figure class=\"aligncenter size-full is-resized\"><img loading=\"lazy\" decoding=\"async\" width=\"598\" height=\"737\" src=\"http:\/\/forty.dk\/wp-content\/uploads\/2025\/06\/2cricketpiger.jpg\" alt=\"\" class=\"wp-image-1722\" style=\"width:330px;height:auto\" srcset=\"https:\/\/forty.dk\/wp-content\/uploads\/2025\/06\/2cricketpiger.jpg 598w, https:\/\/forty.dk\/wp-content\/uploads\/2025\/06\/2cricketpiger-243x300.jpg 243w, https:\/\/forty.dk\/wp-content\/uploads\/2025\/06\/2cricketpiger-100x123.jpg 100w, https:\/\/forty.dk\/wp-content\/uploads\/2025\/06\/2cricketpiger-219x270.jpg 219w\" sizes=\"auto, (max-width: 598px) 100vw, 598px\" \/><\/figure>\n<\/div>\n\n\n<p class=\"has-text-align-center\"><em>Pernille Borchersen, til venstre, og Juliet Christensen gl\u00e6der sig til matchen Mortensen Legends-Fredberg All Stars fredag 29. august p\u00e5 AB.<\/em><\/p>\n\n\n\n<p><em>Af Peter Fredberg<\/em><\/p>\n\n\n\n<p>Nyklassikeren Mortensen Legends versus Fredberg All Stars skriver <strong>fredag 29. august kl. 16.00<\/strong> historie. Den 22. udgave af veteranmatchen f\u00e5r for f\u00f8rste gang deltagelse af to kvindelige spillere, og der spilles p\u00e5 AB&#8217;s bane.<\/p>\n\n\n\n<p>Den ene af dem, Juliet Christensen, var ogs\u00e5 med sidste \u00e5r, og i \u00e5r f\u00e5r hun selskab af Pernille Borchersen. Sidst, de var p\u00e5 banen sammen, var i en landskamp mod Italien i 2013 i Bologna.<\/p>\n\n\n\n<p>&#8220;Det var utrolig hyggeligt at v\u00e6re med p\u00e5 AB sidste \u00e5r og opleve den modtagelse, spillerne gav mig. Da jeg fortalte Pernille om min oplevelse i kampen og i den festlige afsluttende inning i ABs restaurant, var hun nem at overtale. Vi gl\u00e6der os vildt. Det er nogle \u00e5r siden, Pernille sidst har spillet, men vi har aftalt at tr\u00e6ne sammen her i sommer,&#8221; siger Juliet.<\/p>\n\n\n\n<p>Juliet spiller p\u00e5 KBs damehold og er matematik- og idr\u00e6tsl\u00e6rer p\u00e5 Gladsaxe Privatskole. Hun fik i sin tid cricket ind med skolem\u00e6lken i Svanholm, og hendes k\u00e6rlighed til sporten er smittende. For anden s\u00e6son tr\u00e6ner hun U11- og U13-holdene for ABs drenge.<\/p>\n\n\n\n<p>Det fort\u00e6ller lidt om den betydning, Gladsaxe Privatskole till\u00e6gger sporten og Juliets fascination af &#8220;verdens bedste spil&#8221;, at hun har f\u00e5et fri til kampen Mortensen-Fredberg, selv om den falder sammen med festlighederne i forbindelse med skolens f\u00f8dselsdag.<\/p>\n\n\n\n<p>Som altid tager matchens id\u00e9mand, legendariske Ole Stan Mortensen, imod tilmeldinger til \u00e5rets kamp. Er du frisk, s\u00e5 skriv til ham p\u00e5&nbsp;<a href=\"mailto:stan.coaching@privatsport.dk\" rel=\"noreferrer noopener\" target=\"_blank\">stan.coaching@privatsport.dk<\/a>.<\/p>\n\n\n\n<p><\/p>\n","protected":false},"excerpt":{"rendered":"<p>Mortensen Legends og Fredberg All Stars for 22. gang &#8211; hvor Tim Krarup fik \u00e5rets PR-bat. Af Peter Fredberg Ole Stan Mortensen, tv, overr\u00e6kker PR-battet til Tim Krarup.\u00a0 For f\u00f8rste gang var der to kvindelige spillere med i kampen &#8211; <a href=\"https:\/\/forty.dk\/?page_id=1715\" class=\"read-more\">L\u00c6S MERE &#8230;<\/a><\/p>\n","protected":false},"author":1,"featured_media":0,"parent":0,"menu_order":0,"comment_status":"closed","ping_status":"closed","template":"","meta":{"footnotes":""},"class_list":["post-1715","page","type-page","status-publish","hentry"],"_links":{"self":[{"href":"https:\/\/forty.dk\/index.php?rest_route=\/wp\/v2\/pages\/1715","targetHints":{"allow":["GET"]}}],"collection":[{"href":"https:\/\/forty.dk\/index.php?rest_route=\/wp\/v2\/pages"}],"about":[{"href":"https:\/\/forty.dk\/index.php?rest_route=\/wp\/v2\/types\/page"}],"author":[{"embeddable":true,"href":"https:\/\/forty.dk\/index.php?rest_route=\/wp\/v2\/users\/1"}],"replies":[{"embeddable":true,"href":"https:\/\/forty.dk\/index.php?rest_route=%2Fwp%2Fv2%2Fcomments&post=1715"}],"version-history":[{"count":8,"href":"https:\/\/forty.dk\/index.php?rest_route=\/wp\/v2\/pages\/1715\/revisions"}],"predecessor-version":[{"id":1941,"href":"https:\/\/forty.dk\/index.php?rest_route=\/wp\/v2\/pages\/1715\/revisions\/1941"}],"wp:attachment":[{"href":"https:\/\/forty.dk\/index.php?rest_route=%2Fwp%2Fv2%2Fmedia&parent=1715"}],"curies":[{"name":"wp","href":"https:\/\/api.w.org\/{rel}","templated":true}]}}