{"id":1730,"date":"2025-07-16T08:01:50","date_gmt":"2025-07-16T08:01:50","guid":{"rendered":"https:\/\/forty.dk\/?page_id=1730"},"modified":"2025-07-18T19:08:03","modified_gmt":"2025-07-18T19:08:03","slug":"qt25-resultater","status":"publish","type":"page","link":"https:\/\/forty.dk\/?page_id=1730","title":{"rendered":"QT25-Resultater"},"content":{"rendered":"\n<p>QUANDRANGULAR TOURNAMENT 2025<\/p>\n\n\n\n<figure class=\"wp-block-image size-full\"><img loading=\"lazy\" decoding=\"async\" width=\"288\" height=\"89\" src=\"http:\/\/forty.dk\/wp-content\/uploads\/2025\/03\/4-logoer.jpg\" alt=\"QT-2025\" class=\"wp-image-1593\"\/><\/figure>\n\n\n\n<p><strong>S\u00f8ndag den 13. juli<\/strong><\/p>\n\n\n\n<p>The President&#8217;s Invitation XI (191 v 8) vs The Royal Bad Boys XI (190 v 7)<\/p>\n\n\n\n<p>Bad Boys tabte alts\u00e5 kampen, og fra p\u00e5lidelig kilde siges det, at det var fordi, de ikke var bad enough.<\/p>\n\n\n\n<p class=\"has-text-align-right\">Aftenhygge<\/p>\n\n\n\n<p><\/p>\n\n\n\n<p><strong>Mandag den 14. juli (45 overs)<\/strong><\/p>\n\n\n\n<p><em><strong>SGS 234 all out &#8211; Dansk XL 236 for 4<\/strong><\/em><\/p>\n\n\n\n<p>Amiv Raza scorede 46 not out og Morten Hedeg\u00e5rd 37 not out<\/p>\n\n\n\n<p>Adam Sartan tog 7 g\u00e6rder for 33 point<\/p>\n\n\n\n<p class=\"has-text-align-right\">The Forty Club 350 for 5 &#8211; Cricket Espana 155 all out<\/p>\n\n\n\n<p><\/p>\n\n\n\n<p><strong>Tirsdag den 15. juli (45 overs)<\/strong><\/p>\n\n\n\n<p><strong><em>Dansk XL 248 for 8 &#8211; Cricket Espana 247 for 9<\/em><\/strong><\/p>\n\n\n\n<p>Bharat Rheddy scorede 51 &#8211; t\u00e6t fulgt af Theo Cupido som scorede 49<\/p>\n\n\n\n<p>Lars Hedegaard tog 3 for 22 point og Morten Hedegaard tog 4 for 38.<\/p>\n\n\n\n<figure class=\"wp-block-image size-large is-resized\"><img loading=\"lazy\" decoding=\"async\" width=\"1024\" height=\"768\" src=\"https:\/\/forty.dk\/wp-content\/uploads\/2025\/07\/Dansk-XL-Spanien-1024x768.jpg\" alt=\"\" class=\"wp-image-1758\" style=\"width:339px;height:auto\" srcset=\"https:\/\/forty.dk\/wp-content\/uploads\/2025\/07\/Dansk-XL-Spanien-1024x768.jpg 1024w, https:\/\/forty.dk\/wp-content\/uploads\/2025\/07\/Dansk-XL-Spanien-300x225.jpg 300w, https:\/\/forty.dk\/wp-content\/uploads\/2025\/07\/Dansk-XL-Spanien-768x576.jpg 768w, https:\/\/forty.dk\/wp-content\/uploads\/2025\/07\/Dansk-XL-Spanien-100x75.jpg 100w, https:\/\/forty.dk\/wp-content\/uploads\/2025\/07\/Dansk-XL-Spanien-1536x1152.jpg 1536w, https:\/\/forty.dk\/wp-content\/uploads\/2025\/07\/Dansk-XL-Spanien-360x270.jpg 360w, https:\/\/forty.dk\/wp-content\/uploads\/2025\/07\/Dansk-XL-Spanien.jpg 2048w\" sizes=\"auto, (max-width: 1024px) 100vw, 1024px\" \/><\/figure>\n\n\n\n<p class=\"has-text-align-right\">The Forty Club 183 for 6 &#8211; SGS 182 for 9<\/p>\n\n\n\n<p><\/p>\n\n\n\n<p><strong>Onsdag den 16. juli<\/strong> (20-overs turneringen)<\/p>\n\n\n\n<p><strong><em>Dansk XL 170 for 6 &#8211; Cricket Espana 136 for 5<\/em><\/strong><\/p>\n\n\n\n<p>K. Haywood 44 runs og M. Sasikanth tog 3 g\u00e6rder for 33<\/p>\n\n\n\n<p>Forty Club 84 point &#8211; SGS 82 point.<\/p>\n\n\n\n<p>Dansk XL 165 point &#8211; SGS 111 for 5<\/p>\n\n\n\n<p>K. Haywood 37 og A. Isager 29<\/p>\n\n\n\n<p class=\"has-text-align-right\">Cricket Espana 92 for 6 &#8211; Forty Club 96 point p\u00e5 10 overs.<\/p>\n\n\n\n<figure class=\"wp-block-gallery has-nested-images columns-default is-cropped wp-block-gallery-1 is-layout-flex wp-block-gallery-is-layout-flex\">\n<figure class=\"wp-block-image size-large\"><img loading=\"lazy\" decoding=\"async\" width=\"1024\" height=\"768\" data-id=\"1769\" src=\"https:\/\/forty.dk\/wp-content\/uploads\/2025\/07\/Bowler-Peter-1024x768.jpg\" alt=\"\" class=\"wp-image-1769\" srcset=\"https:\/\/forty.dk\/wp-content\/uploads\/2025\/07\/Bowler-Peter-1024x768.jpg 1024w, https:\/\/forty.dk\/wp-content\/uploads\/2025\/07\/Bowler-Peter-300x225.jpg 300w, https:\/\/forty.dk\/wp-content\/uploads\/2025\/07\/Bowler-Peter-768x576.jpg 768w, https:\/\/forty.dk\/wp-content\/uploads\/2025\/07\/Bowler-Peter-100x75.jpg 100w, https:\/\/forty.dk\/wp-content\/uploads\/2025\/07\/Bowler-Peter-1536x1152.jpg 1536w, https:\/\/forty.dk\/wp-content\/uploads\/2025\/07\/Bowler-Peter-360x270.jpg 360w, https:\/\/forty.dk\/wp-content\/uploads\/2025\/07\/Bowler-Peter.jpg 2048w\" sizes=\"auto, (max-width: 1024px) 100vw, 1024px\" \/><\/figure>\n\n\n\n<figure class=\"wp-block-image size-large\"><img loading=\"lazy\" decoding=\"async\" width=\"1024\" height=\"768\" data-id=\"1770\" src=\"https:\/\/forty.dk\/wp-content\/uploads\/2025\/07\/Bowler-XL-1024x768.jpg\" alt=\"\" class=\"wp-image-1770\" srcset=\"https:\/\/forty.dk\/wp-content\/uploads\/2025\/07\/Bowler-XL-1024x768.jpg 1024w, https:\/\/forty.dk\/wp-content\/uploads\/2025\/07\/Bowler-XL-300x225.jpg 300w, https:\/\/forty.dk\/wp-content\/uploads\/2025\/07\/Bowler-XL-768x576.jpg 768w, https:\/\/forty.dk\/wp-content\/uploads\/2025\/07\/Bowler-XL-100x75.jpg 100w, https:\/\/forty.dk\/wp-content\/uploads\/2025\/07\/Bowler-XL-1536x1152.jpg 1536w, https:\/\/forty.dk\/wp-content\/uploads\/2025\/07\/Bowler-XL-360x270.jpg 360w, https:\/\/forty.dk\/wp-content\/uploads\/2025\/07\/Bowler-XL.jpg 2048w\" sizes=\"auto, (max-width: 1024px) 100vw, 1024px\" \/><\/figure>\n\n\n\n<figure class=\"wp-block-image size-large\"><img loading=\"lazy\" decoding=\"async\" width=\"1024\" height=\"768\" data-id=\"1772\" src=\"https:\/\/forty.dk\/wp-content\/uploads\/2025\/07\/Driver2-XL-1024x768.jpg\" alt=\"\" class=\"wp-image-1772\" srcset=\"https:\/\/forty.dk\/wp-content\/uploads\/2025\/07\/Driver2-XL-1024x768.jpg 1024w, https:\/\/forty.dk\/wp-content\/uploads\/2025\/07\/Driver2-XL-300x225.jpg 300w, https:\/\/forty.dk\/wp-content\/uploads\/2025\/07\/Driver2-XL-768x576.jpg 768w, https:\/\/forty.dk\/wp-content\/uploads\/2025\/07\/Driver2-XL-100x75.jpg 100w, https:\/\/forty.dk\/wp-content\/uploads\/2025\/07\/Driver2-XL-1536x1152.jpg 1536w, https:\/\/forty.dk\/wp-content\/uploads\/2025\/07\/Driver2-XL-360x270.jpg 360w, https:\/\/forty.dk\/wp-content\/uploads\/2025\/07\/Driver2-XL.jpg 2048w\" sizes=\"auto, (max-width: 1024px) 100vw, 1024px\" \/><\/figure>\n<\/figure>\n\n\n\n<figure class=\"wp-block-gallery has-nested-images columns-default is-cropped wp-block-gallery-2 is-layout-flex wp-block-gallery-is-layout-flex\">\n<figure class=\"wp-block-image size-large\"><img loading=\"lazy\" decoding=\"async\" width=\"1024\" height=\"768\" data-id=\"1785\" src=\"https:\/\/forty.dk\/wp-content\/uploads\/2025\/07\/QT25Driver77-2-1024x768.jpg\" alt=\"\" class=\"wp-image-1785\" srcset=\"https:\/\/forty.dk\/wp-content\/uploads\/2025\/07\/QT25Driver77-2-1024x768.jpg 1024w, https:\/\/forty.dk\/wp-content\/uploads\/2025\/07\/QT25Driver77-2-300x225.jpg 300w, https:\/\/forty.dk\/wp-content\/uploads\/2025\/07\/QT25Driver77-2-768x576.jpg 768w, https:\/\/forty.dk\/wp-content\/uploads\/2025\/07\/QT25Driver77-2-100x75.jpg 100w, https:\/\/forty.dk\/wp-content\/uploads\/2025\/07\/QT25Driver77-2-1536x1152.jpg 1536w, https:\/\/forty.dk\/wp-content\/uploads\/2025\/07\/QT25Driver77-2-360x270.jpg 360w, https:\/\/forty.dk\/wp-content\/uploads\/2025\/07\/QT25Driver77-2.jpg 2048w\" sizes=\"auto, (max-width: 1024px) 100vw, 1024px\" \/><\/figure>\n\n\n\n<figure class=\"wp-block-image size-large\"><img loading=\"lazy\" decoding=\"async\" width=\"1024\" height=\"768\" data-id=\"1786\" src=\"https:\/\/forty.dk\/wp-content\/uploads\/2025\/07\/QT25Graenseslag-1-1024x768.jpg\" alt=\"\" class=\"wp-image-1786\" srcset=\"https:\/\/forty.dk\/wp-content\/uploads\/2025\/07\/QT25Graenseslag-1-1024x768.jpg 1024w, https:\/\/forty.dk\/wp-content\/uploads\/2025\/07\/QT25Graenseslag-1-300x225.jpg 300w, https:\/\/forty.dk\/wp-content\/uploads\/2025\/07\/QT25Graenseslag-1-768x576.jpg 768w, https:\/\/forty.dk\/wp-content\/uploads\/2025\/07\/QT25Graenseslag-1-100x75.jpg 100w, https:\/\/forty.dk\/wp-content\/uploads\/2025\/07\/QT25Graenseslag-1-1536x1152.jpg 1536w, https:\/\/forty.dk\/wp-content\/uploads\/2025\/07\/QT25Graenseslag-1-360x270.jpg 360w, https:\/\/forty.dk\/wp-content\/uploads\/2025\/07\/QT25Graenseslag-1.jpg 2048w\" sizes=\"auto, (max-width: 1024px) 100vw, 1024px\" \/><\/figure>\n\n\n\n<figure class=\"wp-block-image size-large\"><img loading=\"lazy\" decoding=\"async\" width=\"1024\" height=\"768\" data-id=\"1784\" src=\"https:\/\/forty.dk\/wp-content\/uploads\/2025\/07\/QT25parade-1-1024x768.jpg\" alt=\"\" class=\"wp-image-1784\" srcset=\"https:\/\/forty.dk\/wp-content\/uploads\/2025\/07\/QT25parade-1-1024x768.jpg 1024w, https:\/\/forty.dk\/wp-content\/uploads\/2025\/07\/QT25parade-1-300x225.jpg 300w, https:\/\/forty.dk\/wp-content\/uploads\/2025\/07\/QT25parade-1-768x576.jpg 768w, https:\/\/forty.dk\/wp-content\/uploads\/2025\/07\/QT25parade-1-100x75.jpg 100w, https:\/\/forty.dk\/wp-content\/uploads\/2025\/07\/QT25parade-1-1536x1152.jpg 1536w, https:\/\/forty.dk\/wp-content\/uploads\/2025\/07\/QT25parade-1-360x270.jpg 360w, https:\/\/forty.dk\/wp-content\/uploads\/2025\/07\/QT25parade-1.jpg 2048w\" sizes=\"auto, (max-width: 1024px) 100vw, 1024px\" \/><\/figure>\n<\/figure>\n\n\n\n<figure class=\"wp-block-gallery has-nested-images columns-default is-cropped wp-block-gallery-3 is-layout-flex wp-block-gallery-is-layout-flex\">\n<figure class=\"wp-block-image size-large\"><img loading=\"lazy\" decoding=\"async\" width=\"1024\" height=\"768\" data-id=\"1794\" src=\"https:\/\/forty.dk\/wp-content\/uploads\/2025\/07\/QT25hold-1024x768.jpg\" alt=\"\" class=\"wp-image-1794\" srcset=\"https:\/\/forty.dk\/wp-content\/uploads\/2025\/07\/QT25hold-1024x768.jpg 1024w, https:\/\/forty.dk\/wp-content\/uploads\/2025\/07\/QT25hold-300x225.jpg 300w, https:\/\/forty.dk\/wp-content\/uploads\/2025\/07\/QT25hold-768x576.jpg 768w, https:\/\/forty.dk\/wp-content\/uploads\/2025\/07\/QT25hold-100x75.jpg 100w, https:\/\/forty.dk\/wp-content\/uploads\/2025\/07\/QT25hold-1536x1152.jpg 1536w, https:\/\/forty.dk\/wp-content\/uploads\/2025\/07\/QT25hold-360x270.jpg 360w, https:\/\/forty.dk\/wp-content\/uploads\/2025\/07\/QT25hold.jpg 2048w\" sizes=\"auto, (max-width: 1024px) 100vw, 1024px\" \/><\/figure>\n\n\n\n<figure class=\"wp-block-image size-large\"><img loading=\"lazy\" decoding=\"async\" width=\"1024\" height=\"768\" data-id=\"1793\" src=\"https:\/\/forty.dk\/wp-content\/uploads\/2025\/07\/QT25haand-1024x768.jpg\" alt=\"\" class=\"wp-image-1793\" srcset=\"https:\/\/forty.dk\/wp-content\/uploads\/2025\/07\/QT25haand-1024x768.jpg 1024w, https:\/\/forty.dk\/wp-content\/uploads\/2025\/07\/QT25haand-300x225.jpg 300w, https:\/\/forty.dk\/wp-content\/uploads\/2025\/07\/QT25haand-768x576.jpg 768w, https:\/\/forty.dk\/wp-content\/uploads\/2025\/07\/QT25haand-100x75.jpg 100w, https:\/\/forty.dk\/wp-content\/uploads\/2025\/07\/QT25haand-1536x1152.jpg 1536w, https:\/\/forty.dk\/wp-content\/uploads\/2025\/07\/QT25haand-360x270.jpg 360w, https:\/\/forty.dk\/wp-content\/uploads\/2025\/07\/QT25haand.jpg 2048w\" sizes=\"auto, (max-width: 1024px) 100vw, 1024px\" \/><\/figure>\n\n\n\n<figure class=\"wp-block-image size-large\"><img loading=\"lazy\" decoding=\"async\" width=\"960\" height=\"720\" data-id=\"1792\" src=\"https:\/\/forty.dk\/wp-content\/uploads\/2025\/07\/QT25PraesidentensMad.jpg\" alt=\"\" class=\"wp-image-1792\" srcset=\"https:\/\/forty.dk\/wp-content\/uploads\/2025\/07\/QT25PraesidentensMad.jpg 960w, https:\/\/forty.dk\/wp-content\/uploads\/2025\/07\/QT25PraesidentensMad-300x225.jpg 300w, https:\/\/forty.dk\/wp-content\/uploads\/2025\/07\/QT25PraesidentensMad-768x576.jpg 768w, https:\/\/forty.dk\/wp-content\/uploads\/2025\/07\/QT25PraesidentensMad-100x75.jpg 100w, https:\/\/forty.dk\/wp-content\/uploads\/2025\/07\/QT25PraesidentensMad-360x270.jpg 360w\" sizes=\"auto, (max-width: 960px) 100vw, 960px\" \/><\/figure>\n<\/figure>\n\n\n\n<p><strong>Torsdag den 17. juli (45 overs)<\/strong><\/p>\n\n\n\n<p><strong><em>The Forty Club, 264 for 7 &#8211; Dansk XL 260 for 7<\/em><\/strong><\/p>\n\n\n\n<p>T. Cupido 101 n.o.  M. Hedegaard og A. Raza hver 44 runs<\/p>\n\n\n\n<p>Cricket Espana, 231 all out &#8211; SGS 311 for 8<\/p>\n\n\n\n<p><strong>The Forty Club har vundet alle 3 kampe og dermed vinder af 45-overs turneringen.<\/strong><\/p>\n\n\n\n<p>Dansk XL blev nr. 2 i 45-overs turneringen.<\/p>\n\n\n\n<p class=\"has-text-align-right\">Turneringsmiddag p\u00e5 Ufford Park Hotel.<\/p>\n\n\n\n<p><\/p>\n\n\n\n<p><strong>Fredag den 18. juli<\/strong> (20-overs turneringen)<\/p>\n\n\n\n<p><strong><em>Dansk XL 155 for 4 &#8211; The Forty Club 154 for 6<\/em><\/strong><\/p>\n\n\n\n<p>Glenn Larsen 2 for 35 og M. Krishna 2 for 30<\/p>\n\n\n\n<p><strong>Dansk XL har vundet alle 3 kampe og dermed vinder af 20-overs turneringen.<\/strong><\/p>\n\n\n\n<p>SGS &#8211; Cricket Espana <\/p>\n\n\n\n<div style=\"height:42px\" aria-hidden=\"true\" class=\"wp-block-spacer\"><\/div>\n\n\n\n<p>Dette er et link til <strong>QUANDRANGULAR TOURNAMENT 2025 &#8211; 45 OVERS RESULTATER:<\/strong><\/p>\n\n\n\n<p><a href=\"https:\/\/fortyclubcompetitions.play-cricket.com\/Matches?tab=Result\">https:\/\/fortyclubcompetitions.play-cricket.com\/Matches?tab=Result<\/a><\/p>\n\n\n\n<p><\/p>\n","protected":false},"excerpt":{"rendered":"<p>QUANDRANGULAR TOURNAMENT 2025 S\u00f8ndag den 13. juli The President&#8217;s Invitation XI (191 v 8) vs The Royal Bad Boys XI (190 v 7) Bad Boys tabte alts\u00e5 kampen, og fra p\u00e5lidelig kilde siges det, at det var fordi, de ikke <a href=\"https:\/\/forty.dk\/?page_id=1730\" class=\"read-more\">L\u00c6S MERE &#8230;<\/a><\/p>\n","protected":false},"author":1,"featured_media":0,"parent":0,"menu_order":0,"comment_status":"closed","ping_status":"closed","template":"","meta":{"footnotes":""},"class_list":["post-1730","page","type-page","status-publish","hentry"],"_links":{"self":[{"href":"https:\/\/forty.dk\/index.php?rest_route=\/wp\/v2\/pages\/1730","targetHints":{"allow":["GET"]}}],"collection":[{"href":"https:\/\/forty.dk\/index.php?rest_route=\/wp\/v2\/pages"}],"about":[{"href":"https:\/\/forty.dk\/index.php?rest_route=\/wp\/v2\/types\/page"}],"author":[{"embeddable":true,"href":"https:\/\/forty.dk\/index.php?rest_route=\/wp\/v2\/users\/1"}],"replies":[{"embeddable":true,"href":"https:\/\/forty.dk\/index.php?rest_route=%2Fwp%2Fv2%2Fcomments&post=1730"}],"version-history":[{"count":38,"href":"https:\/\/forty.dk\/index.php?rest_route=\/wp\/v2\/pages\/1730\/revisions"}],"predecessor-version":[{"id":1919,"href":"https:\/\/forty.dk\/index.php?rest_route=\/wp\/v2\/pages\/1730\/revisions\/1919"}],"wp:attachment":[{"href":"https:\/\/forty.dk\/index.php?rest_route=%2Fwp%2Fv2%2Fmedia&parent=1730"}],"curies":[{"name":"wp","href":"https:\/\/api.w.org\/{rel}","templated":true}]}}