{"id":2080,"date":"2026-03-18T15:34:24","date_gmt":"2026-03-18T15:34:24","guid":{"rendered":"https:\/\/forty.dk\/?page_id=2080"},"modified":"2026-04-21T12:58:39","modified_gmt":"2026-04-21T12:58:39","slug":"preben-nielsen-nekrolog-2","status":"publish","type":"page","link":"https:\/\/forty.dk\/?page_id=2080","title":{"rendered":"Preben Nielsen &#8211; nekrolog"},"content":{"rendered":"\n<p><strong>Nekrolog<\/strong><\/p>\n\n\n\n<p><\/p>\n\n\n\n<figure class=\"wp-block-image size-full\"><img loading=\"lazy\" decoding=\"async\" width=\"119\" height=\"138\" src=\"http:\/\/forty.dk\/wp-content\/uploads\/2026\/03\/Preben1.jpg\" alt=\"\" class=\"wp-image-2075\" srcset=\"https:\/\/forty.dk\/wp-content\/uploads\/2026\/03\/Preben1.jpg 119w, https:\/\/forty.dk\/wp-content\/uploads\/2026\/03\/Preben1-100x116.jpg 100w\" sizes=\"auto, (max-width: 119px) 100vw, 119px\" \/><\/figure>\n\n\n\n<p>Keeper Preben Nielsen fra Ringsted er d\u00f8d efter flere \u00e5rs sygdom. Preben har k\u00e6mpet med kr\u00e6ft og har<\/p>\n\n\n\n<p>endelig f\u00e5et fred. Han blev kun i starten af 70-erne, s\u00e5 det var alt for tidligt, at han d\u00f8de.<\/p>\n\n\n\n<p>Gennem mange \u00e5r var Preben fast spiller p\u00e5 Dansk Xl CC\u00b4s hold og specielt under Trekantturneringen,<\/p>\n\n\n\n<p>(som det hed den gang). Han havde en stor andel i vor sejr i denne turnering &#8211; bl.a. i Neston i England 1998.<\/p>\n\n\n\n<p>Her bankede han \u201dmega\u201d seksere ud, s\u00e5 sejren kom i hus.<\/p>\n\n\n\n<p>Personligt vil jeg huske ham for hans evner som h\u00e5ndv\u00e6rker \u2013 t\u00f8mrer. Han har hjulpet mig mange gange<\/p>\n\n\n\n<p>med \u00e6ndringer og udvidelse af mit hus. Specielt havde jeg store udfordringer med min tagkonstruktion,<\/p>\n\n\n\n<p>dem klarede Preben med bravour.<\/p>\n\n\n\n<p>Jeg vil altid huske Preben Nielsen som en super kammerat. Mine tanker g\u00e5r til familien.<\/p>\n\n\n\n<p>\u00c6ret v\u00e6re Prebens minde.<\/p>\n\n\n\n<p><strong><em>Ole Chritiansen<\/em><\/strong><\/p>\n\n\n\n<div style=\"height:42px\" aria-hidden=\"true\" class=\"wp-block-spacer\"><\/div>\n\n\n\n<p><em>Fortys webmaster har tilf\u00f8jet lidt:<\/em><\/p>\n\n\n\n<p>Preben Grann Nielsen er stille sovet ind 10.6.1954 13.3.2026.<\/p>\n\n\n\n<p>Bis\u00e6ttelsen finder sted fra Ringsted Kapel den 21. marts kl. 11.00.<\/p>\n\n\n\n<p>Jeg vil bl.a. mindes ham som den bedste danske keeper i min tid p\u00e5 cricketbanerne\u2026. og \u00a0for at sl\u00e5 den st\u00f8rste sekser i Dansk cricket. For dem, der kan huske B 1909s cricketbane nede i \u201dhullet\u201d i Odense, s\u00e5 vil det svare til en 6-er sl\u00e5et langt, langt over klubhuset oppe p\u00e5 skr\u00e6nten. Preben var et beskedent og dejligt menneske at v\u00e6re sammen med.<\/p>\n\n\n\n<figure class=\"wp-block-image size-full\"><img loading=\"lazy\" decoding=\"async\" width=\"845\" height=\"204\" src=\"http:\/\/forty.dk\/wp-content\/uploads\/2026\/03\/Preben2.jpg\" alt=\"\" class=\"wp-image-2076\" srcset=\"https:\/\/forty.dk\/wp-content\/uploads\/2026\/03\/Preben2.jpg 845w, https:\/\/forty.dk\/wp-content\/uploads\/2026\/03\/Preben2-300x72.jpg 300w, https:\/\/forty.dk\/wp-content\/uploads\/2026\/03\/Preben2-768x185.jpg 768w, https:\/\/forty.dk\/wp-content\/uploads\/2026\/03\/Preben2-100x24.jpg 100w, https:\/\/forty.dk\/wp-content\/uploads\/2026\/03\/Preben2-360x87.jpg 360w\" sizes=\"auto, (max-width: 845px) 100vw, 845px\" \/><\/figure>\n\n\n\n<p class=\"has-text-align-center\">Preben i midten i La Manga<\/p>\n\n\n\n<p class=\"has-text-align-center\">\u2013 og hvis nogen ser en lighed med kn\u00e6gten ude til h\u00f8jre i billedet, s\u00e5 er det rigtigt.<\/p>\n\n\n<div class=\"wp-block-image\">\n<figure class=\"aligncenter size-full\"><img loading=\"lazy\" decoding=\"async\" width=\"134\" height=\"377\" src=\"http:\/\/forty.dk\/wp-content\/uploads\/2026\/03\/Preben3.jpg\" alt=\"\" class=\"wp-image-2077\" srcset=\"https:\/\/forty.dk\/wp-content\/uploads\/2026\/03\/Preben3.jpg 134w, https:\/\/forty.dk\/wp-content\/uploads\/2026\/03\/Preben3-107x300.jpg 107w, https:\/\/forty.dk\/wp-content\/uploads\/2026\/03\/Preben3-100x281.jpg 100w, https:\/\/forty.dk\/wp-content\/uploads\/2026\/03\/Preben3-96x270.jpg 96w\" sizes=\"auto, (max-width: 134px) 100vw, 134px\" \/><\/figure>\n<\/div>\n\n\n<p><\/p>\n","protected":false},"excerpt":{"rendered":"<p>Nekrolog Keeper Preben Nielsen fra Ringsted er d\u00f8d efter flere \u00e5rs sygdom. Preben har k\u00e6mpet med kr\u00e6ft og har endelig f\u00e5et fred. Han blev kun i starten af 70-erne, s\u00e5 det var alt for tidligt, at han d\u00f8de. Gennem mange <a href=\"https:\/\/forty.dk\/?page_id=2080\" class=\"read-more\">L\u00c6S MERE &#8230;<\/a><\/p>\n","protected":false},"author":1,"featured_media":0,"parent":0,"menu_order":0,"comment_status":"closed","ping_status":"closed","template":"","meta":{"footnotes":""},"class_list":["post-2080","page","type-page","status-publish","hentry"],"_links":{"self":[{"href":"https:\/\/forty.dk\/index.php?rest_route=\/wp\/v2\/pages\/2080","targetHints":{"allow":["GET"]}}],"collection":[{"href":"https:\/\/forty.dk\/index.php?rest_route=\/wp\/v2\/pages"}],"about":[{"href":"https:\/\/forty.dk\/index.php?rest_route=\/wp\/v2\/types\/page"}],"author":[{"embeddable":true,"href":"https:\/\/forty.dk\/index.php?rest_route=\/wp\/v2\/users\/1"}],"replies":[{"embeddable":true,"href":"https:\/\/forty.dk\/index.php?rest_route=%2Fwp%2Fv2%2Fcomments&post=2080"}],"version-history":[{"count":15,"href":"https:\/\/forty.dk\/index.php?rest_route=\/wp\/v2\/pages\/2080\/revisions"}],"predecessor-version":[{"id":2143,"href":"https:\/\/forty.dk\/index.php?rest_route=\/wp\/v2\/pages\/2080\/revisions\/2143"}],"wp:attachment":[{"href":"https:\/\/forty.dk\/index.php?rest_route=%2Fwp%2Fv2%2Fmedia&parent=2080"}],"curies":[{"name":"wp","href":"https:\/\/api.w.org\/{rel}","templated":true}]}}