{"id":39,"date":"2023-01-24T08:53:31","date_gmt":"2023-01-24T08:53:31","guid":{"rendered":"https:\/\/forty.dk\/?page_id=39"},"modified":"2025-02-02T11:38:40","modified_gmt":"2025-02-02T11:38:40","slug":"bestyrelsen","status":"publish","type":"page","link":"https:\/\/forty.dk\/?page_id=39","title":{"rendered":"Bestyrelsen"},"content":{"rendered":"\n<p><strong>Dansk XL CC`s bestyrelsen <\/strong><\/p>\n\n\n\n<div class=\"wp-block-media-text alignwide is-stacked-on-mobile\" style=\"grid-template-columns:15% auto\"><figure class=\"wp-block-media-text__media\"><img loading=\"lazy\" decoding=\"async\" width=\"200\" height=\"202\" src=\"http:\/\/forty.dk\/wp-content\/uploads\/2023\/01\/Michael-G.jpg\" alt=\"\" class=\"wp-image-84 size-full\"\/><\/figure><div class=\"wp-block-media-text__content\">\n<p>Pr\u00e6sident<\/p>\n\n\n\n<p>Michael Goeskj\u00e6r<\/p>\n\n\n\n<p>Soranerne <\/p>\n\n\n\n<p><a rel=\"noreferrer noopener\" href=\"mailto:mgo@dahllaw.dk\" target=\"_blank\">mgo@dahllaw.dk<\/a> <\/p>\n<\/div><\/div>\n\n\n\n<div class=\"wp-block-media-text alignwide is-stacked-on-mobile\" style=\"grid-template-columns:15% auto\"><figure class=\"wp-block-media-text__media\"><img loading=\"lazy\" decoding=\"async\" width=\"96\" height=\"115\" src=\"http:\/\/forty.dk\/wp-content\/uploads\/2025\/01\/Birgitte1.jpg\" alt=\"\" class=\"wp-image-1462 size-full\"\/><\/figure><div class=\"wp-block-media-text__content\">\n<p><\/p>\n\n\n\n<p>Kasserer<\/p>\n\n\n\n<p>Birgitte \u00d8stergaard<\/p>\n\n\n\n<p>Fredericia <\/p>\n\n\n\n<p><a href=\"mailto:jabi23@os.dk\">jabi23@os.dk<\/a><\/p>\n\n\n\n<p><\/p>\n\n\n\n<div style=\"height:22px\" aria-hidden=\"true\" class=\"wp-block-spacer\"><\/div>\n<\/div><\/div>\n\n\n\n<div class=\"wp-block-media-text alignwide is-stacked-on-mobile\" style=\"grid-template-columns:16% auto\"><figure class=\"wp-block-media-text__media\"><img loading=\"lazy\" decoding=\"async\" width=\"791\" height=\"1024\" src=\"https:\/\/forty.dk\/wp-content\/uploads\/2023\/01\/Jan-R.jpg\" alt=\"\" class=\"wp-image-212 size-full\" srcset=\"https:\/\/forty.dk\/wp-content\/uploads\/2023\/01\/Jan-R.jpg 791w, https:\/\/forty.dk\/wp-content\/uploads\/2023\/01\/Jan-R-232x300.jpg 232w, https:\/\/forty.dk\/wp-content\/uploads\/2023\/01\/Jan-R-768x994.jpg 768w, https:\/\/forty.dk\/wp-content\/uploads\/2023\/01\/Jan-R-209x270.jpg 209w\" sizes=\"auto, (max-width: 791px) 100vw, 791px\" \/><\/figure><div class=\"wp-block-media-text__content\">\n<p>Bestyrelsesmedlem<\/p>\n\n\n\n<p>Jan Rasmussen<\/p>\n\n\n\n<p>K\u00f8ge <\/p>\n\n\n\n<p><a href=\"mailto:jan.rasmussen2122@gmail.com\">jan.rasmussen2122@gmail.com<\/a><\/p>\n<\/div><\/div>\n\n\n\n<p><\/p>\n\n\n\n<div class=\"wp-block-media-text alignwide is-stacked-on-mobile\" style=\"grid-template-columns:16% auto\"><figure class=\"wp-block-media-text__media\"><img loading=\"lazy\" decoding=\"async\" width=\"192\" height=\"231\" src=\"http:\/\/forty.dk\/wp-content\/uploads\/2023\/02\/Michael-J.jpg\" alt=\"\" class=\"wp-image-497 size-full\"\/><\/figure><div class=\"wp-block-media-text__content\">\n<p>Bestyrelsesmedlem<\/p>\n\n\n\n<p>Michal Jeppesen<\/p>\n\n\n\n<p>Glostrup <\/p>\n\n\n\n<p><a rel=\"noreferrer noopener\" href=\"mailto:jeppegcc@gmail.com\" target=\"_blank\">jeppegcc@gmail.com<\/a><\/p>\n<\/div><\/div>\n\n\n\n<div style=\"height:21px\" aria-hidden=\"true\" class=\"wp-block-spacer\"><\/div>\n\n\n\n<div class=\"wp-block-media-text is-stacked-on-mobile\" style=\"grid-template-columns:16% auto\"><figure class=\"wp-block-media-text__media\"><img loading=\"lazy\" decoding=\"async\" width=\"196\" height=\"246\" src=\"http:\/\/forty.dk\/wp-content\/uploads\/2025\/01\/Alan-Matthews.jpg\" alt=\"\" class=\"wp-image-1456 size-full\"\/><\/figure><div class=\"wp-block-media-text__content\">\n<p>Bestyrelsesmedlem<\/p>\n\n\n\n<p>Alan Matthews<\/p>\n\n\n\n<p>Soranerne<\/p>\n\n\n\n<p><a href=\"mailto:alan.matthews@outlook.dk\">alan.matthews@outlook.dk<\/a> <\/p>\n<\/div><\/div>\n\n\n\n<div style=\"height:20px\" aria-hidden=\"true\" class=\"wp-block-spacer\"><\/div>\n\n\n\n<div class=\"wp-block-media-text is-stacked-on-mobile\" style=\"grid-template-columns:16% auto\"><figure class=\"wp-block-media-text__media\"><img loading=\"lazy\" decoding=\"async\" width=\"252\" height=\"333\" src=\"http:\/\/forty.dk\/wp-content\/uploads\/2025\/01\/Lars-Hedegaard.jpg\" alt=\"\" class=\"wp-image-1457 size-full\" srcset=\"https:\/\/forty.dk\/wp-content\/uploads\/2025\/01\/Lars-Hedegaard.jpg 252w, https:\/\/forty.dk\/wp-content\/uploads\/2025\/01\/Lars-Hedegaard-227x300.jpg 227w, https:\/\/forty.dk\/wp-content\/uploads\/2025\/01\/Lars-Hedegaard-204x270.jpg 204w\" sizes=\"auto, (max-width: 252px) 100vw, 252px\" \/><\/figure><div class=\"wp-block-media-text__content\">\n<p>Bestyrelsesmedlem<\/p>\n\n\n\n<p>Lars Hedeg\u00e5rd<\/p>\n\n\n\n<p>Herning &amp; NCC<\/p>\n\n\n\n<p><a href=\"mailto:brevduenlars@gmail.com\">brevduenlars@gmail.com<\/a> <\/p>\n<\/div><\/div>\n\n\n\n<div style=\"height:19px\" aria-hidden=\"true\" class=\"wp-block-spacer\"><\/div>\n\n\n\n<div class=\"wp-block-media-text is-stacked-on-mobile\" style=\"grid-template-columns:16% auto\"><figure class=\"wp-block-media-text__media\"><img loading=\"lazy\" decoding=\"async\" width=\"678\" height=\"811\" src=\"http:\/\/forty.dk\/wp-content\/uploads\/2025\/01\/UdklipTheo-Cupido.jpg\" alt=\"\" class=\"wp-image-1471 size-full\" srcset=\"https:\/\/forty.dk\/wp-content\/uploads\/2025\/01\/UdklipTheo-Cupido.jpg 678w, https:\/\/forty.dk\/wp-content\/uploads\/2025\/01\/UdklipTheo-Cupido-251x300.jpg 251w, https:\/\/forty.dk\/wp-content\/uploads\/2025\/01\/UdklipTheo-Cupido-226x270.jpg 226w\" sizes=\"auto, (max-width: 678px) 100vw, 678px\" \/><\/figure><div class=\"wp-block-media-text__content\">\n<p>Bestyrelsesmedlem<\/p>\n\n\n\n<p>Theo Cupido<\/p>\n\n\n\n<p>\u00c5lborg<\/p>\n\n\n\n<p><a href=\"mailto:theocupido@gmail.com\">theocupido@gmail.com<\/a> <\/p>\n<\/div><\/div>\n\n\n\n<div style=\"height:60px\" aria-hidden=\"true\" class=\"wp-block-spacer\"><\/div>\n\n\n\n<p class=\"has-text-align-center\">SUPPLEANTER<\/p>\n\n\n\n<div class=\"wp-block-media-text is-stacked-on-mobile is-vertically-aligned-top\" style=\"grid-template-columns:16% auto\"><figure class=\"wp-block-media-text__media\"><img loading=\"lazy\" decoding=\"async\" width=\"768\" height=\"1024\" src=\"http:\/\/forty.dk\/wp-content\/uploads\/2025\/01\/Ian-Moore.jpg-768x1024.jpeg\" alt=\"\" class=\"wp-image-1466 size-full\" srcset=\"https:\/\/forty.dk\/wp-content\/uploads\/2025\/01\/Ian-Moore.jpg-768x1024.jpeg 768w, https:\/\/forty.dk\/wp-content\/uploads\/2025\/01\/Ian-Moore.jpg-225x300.jpeg 225w, https:\/\/forty.dk\/wp-content\/uploads\/2025\/01\/Ian-Moore.jpg-1152x1536.jpeg 1152w, https:\/\/forty.dk\/wp-content\/uploads\/2025\/01\/Ian-Moore.jpg-1536x2048.jpeg 1536w, https:\/\/forty.dk\/wp-content\/uploads\/2025\/01\/Ian-Moore.jpg-202x270.jpeg 202w, https:\/\/forty.dk\/wp-content\/uploads\/2025\/01\/Ian-Moore.jpg.jpeg 1691w\" sizes=\"auto, (max-width: 768px) 100vw, 768px\" \/><\/figure><div class=\"wp-block-media-text__content\">\n<p>Suppleant<\/p>\n\n\n\n<p>Ian Moore<\/p>\n\n\n\n<p>Soranerne<\/p>\n\n\n\n<p><a href=\"mailto:bach_moore@yahoo.com\">bach_moore@yahoo.com<\/a> <\/p>\n<\/div><\/div>\n\n\n\n<div style=\"height:19px\" aria-hidden=\"true\" class=\"wp-block-spacer\"><\/div>\n\n\n\n<div class=\"wp-block-media-text is-stacked-on-mobile\" style=\"grid-template-columns:16% auto\"><figure class=\"wp-block-media-text__media\"><img loading=\"lazy\" decoding=\"async\" width=\"179\" height=\"211\" src=\"http:\/\/forty.dk\/wp-content\/uploads\/2025\/01\/Robert-Slator.jpg\" alt=\"\" class=\"wp-image-1468 size-full\"\/><\/figure><div class=\"wp-block-media-text__content\">\n<p>Suppleant<\/p>\n\n\n\n<p>Robert Slator<\/p>\n\n\n\n<p>Herning<\/p>\n\n\n\n<p><a href=\"mailto:robert.slator@mail.dk\">robert.slator@mail.dk<\/a> <\/p>\n<\/div><\/div>\n\n\n\n<div style=\"height:100px\" aria-hidden=\"true\" class=\"wp-block-spacer\"><\/div>\n\n\n\n<div class=\"wp-block-media-text has-media-on-the-right is-stacked-on-mobile\" style=\"grid-template-columns:auto 15%\"><div class=\"wp-block-media-text__content\">\n<p class=\"has-text-align-right\">Webmaster<\/p>\n\n\n\n<p class=\"has-text-align-right\">Kjeld Lyngs\u00f8<\/p>\n\n\n\n<p class=\"has-text-align-right\">NCC &amp; Skanderborg<\/p>\n\n\n\n<p class=\"has-text-align-right\">kjeldlyngs@gmail.com <\/p>\n<\/div><figure class=\"wp-block-media-text__media\"><img loading=\"lazy\" decoding=\"async\" width=\"178\" height=\"288\" src=\"https:\/\/forty.dk\/wp-content\/uploads\/2025\/02\/Kjeld1.jpg\" alt=\"\" class=\"wp-image-1497 size-full\" srcset=\"https:\/\/forty.dk\/wp-content\/uploads\/2025\/02\/Kjeld1.jpg 178w, https:\/\/forty.dk\/wp-content\/uploads\/2025\/02\/Kjeld1-167x270.jpg 167w\" sizes=\"auto, (max-width: 178px) 100vw, 178px\" \/><\/figure><\/div>\n\n\n\n<p class=\"has-text-align-left\"><strong>Login-linket<\/strong> kan kun benyttes af webmasteren. <\/p>\n\n\n<div class=\"logged-out wp-block-loginout\"><a href=\"https:\/\/forty.dk\/wp-login.php?redirect_to=https%3A%2F%2Fforty.dk%2Findex.php%3Frest_route%3D%252Fwp%252Fv2%252Fpages%252F39\">Log ind<\/a><\/div>\n\n\n<p><\/p>\n","protected":false},"excerpt":{"rendered":"<p>Dansk XL CC`s bestyrelsen Pr\u00e6sident Michael Goeskj\u00e6r Soranerne mgo@dahllaw.dk Bestyrelsesmedlem Jan Rasmussen K\u00f8ge jan.rasmussen2122@gmail.com Bestyrelsesmedlem Michal Jeppesen Glostrup jeppegcc@gmail.com Bestyrelsesmedlem Alan Matthews Soranerne alan.matthews@outlook.dk Bestyrelsesmedlem Lars Hedeg\u00e5rd Herning &amp; NCC brevduenlars@gmail.com Bestyrelsesmedlem Theo Cupido \u00c5lborg theocupido@gmail.com SUPPLEANTER Suppleant Ian Moore <a href=\"https:\/\/forty.dk\/?page_id=39\" class=\"read-more\">L\u00c6S MERE &#8230;<\/a><\/p>\n","protected":false},"author":1,"featured_media":0,"parent":0,"menu_order":0,"comment_status":"closed","ping_status":"closed","template":"","meta":{"footnotes":""},"class_list":["post-39","page","type-page","status-publish","hentry"],"_links":{"self":[{"href":"https:\/\/forty.dk\/index.php?rest_route=\/wp\/v2\/pages\/39","targetHints":{"allow":["GET"]}}],"collection":[{"href":"https:\/\/forty.dk\/index.php?rest_route=\/wp\/v2\/pages"}],"about":[{"href":"https:\/\/forty.dk\/index.php?rest_route=\/wp\/v2\/types\/page"}],"author":[{"embeddable":true,"href":"https:\/\/forty.dk\/index.php?rest_route=\/wp\/v2\/users\/1"}],"replies":[{"embeddable":true,"href":"https:\/\/forty.dk\/index.php?rest_route=%2Fwp%2Fv2%2Fcomments&post=39"}],"version-history":[{"count":45,"href":"https:\/\/forty.dk\/index.php?rest_route=\/wp\/v2\/pages\/39\/revisions"}],"predecessor-version":[{"id":1498,"href":"https:\/\/forty.dk\/index.php?rest_route=\/wp\/v2\/pages\/39\/revisions\/1498"}],"wp:attachment":[{"href":"https:\/\/forty.dk\/index.php?rest_route=%2Fwp%2Fv2%2Fmedia&parent=39"}],"curies":[{"name":"wp","href":"https:\/\/api.w.org\/{rel}","templated":true}]}}