{"id":47,"date":"2023-01-24T08:55:43","date_gmt":"2023-01-24T08:55:43","guid":{"rendered":"https:\/\/forty.dk\/?page_id=47"},"modified":"2023-01-24T15:12:56","modified_gmt":"2023-01-24T15:12:56","slug":"vedtaegter","status":"publish","type":"page","link":"https:\/\/forty.dk\/?page_id=47","title":{"rendered":"Vedt\u00e6gter"},"content":{"rendered":"\n<p><strong>FORTY <\/strong><strong>Cricket Club<\/strong><strong>&nbsp; <\/strong><strong><\/strong><\/p>\n\n\n\n<h1 class=\"wp-block-heading\">Medlem af Dansk Cricket-Forbund siden 1963<\/h1>\n\n\n\n<h4 class=\"wp-block-heading\">Den 20. september 2014<\/h4>\n\n\n\n<p><strong><u>VEDT\u00c6GTER.<\/u><\/strong><\/p>\n\n\n\n<p><strong>1. Navn og form\u00e5l.<\/strong><\/p>\n\n\n\n<p><strong>\u00a7 1<\/strong><\/p>\n\n\n\n<p>Klubbens navn er Dansk XL Cricket Club \u2013 og klubbens adresse er pr\u00e6sidentens.<\/p>\n\n\n\n<p>Klubben er stiftet den 8. september 1963.<\/p>\n\n\n\n<p><strong>\u00a7 2<\/strong><\/p>\n\n\n\n<p>Det er Dansk XL Cricket Clubs form\u00e5l:<\/p>\n\n\n\n<p>&#8211; at arrangere kampe for spillere over 40 \u00e5r,<\/p>\n\n\n\n<p>&#8211; at udbrede kendskabet til og fremme udfoldelsesmulighederne for cricket.<\/p>\n\n\n\n<p><strong>2. Medlemmer.<\/strong><\/p>\n\n\n\n<p><strong>\u00a7 3<\/strong><\/p>\n\n\n\n<p>Som medlem af Dansk Cricket-Forbund er klubben og dens medlemmer underkastet de for DCF til enhver tid g\u00e6ldende love og bestemmelser.<\/p>\n\n\n\n<p>Alle, som er fyldt 35 \u00e5r, kan optages som medlem.<\/p>\n\n\n\n<p>Til \u00e6resmedlemmer kan generalforsamlingen \u2013 efter indstilling fra bestyrelsen \u2013 udn\u00e6vne medlemmer, der har gjort sig s\u00e6rlig fortjent dertil.<\/p>\n\n\n\n<p><strong>\u00a7 4<\/strong><\/p>\n\n\n\n<p>Bestyrelsen kan ekskludere et medlem, som i ord eller gerning modarbejder klubbens form\u00e5l eller interesser eller hvis opf\u00f8rsel sportsligt som kammeratligt i almindelighed anses som uforeneligt med foreningens normer.<\/p>\n\n\n\n<p>Vedkommende medlem skal forud for bestyrelsens iv\u00e6rks\u00e6ttelse af eksklusionen have lejlighed til at fremf\u00f8re sit forsvar.<\/p>\n\n\n\n<p>Et ekskluderet medlem har ret til at fremf\u00f8re sit forsvar p\u00e5 f\u00f8rstkommende ordin\u00e6re generalforsamling. Medlemmer, der er ekskluderet efter denne paragraf, kan kun genoptages efter beslutning p\u00e5 en ordin\u00e6r generalforsamling.<\/p>\n\n\n\n<p><strong>3. Generalforsamlingen.<\/strong><\/p>\n\n\n\n<p><strong>\u00a7 5<\/strong><\/p>\n\n\n\n<p>Generalforsamlingen er klubbens \u00f8verste myndighed.<\/p>\n\n\n\n<p>Ordin\u00e6r generalforsamling afholdes i september m\u00e5ned.<\/p>\n\n\n\n<p>Generalforsamlingen indkaldes ved bekendtg\u00f8relse i FortyInfo med mindst&nbsp;14 dages&nbsp;varsel. Det g\u00e6lder b\u00e5de ordin\u00e6re og ekstraordin\u00e6re generalforsamlinger.<\/p>\n\n\n\n<p>Dagsorden for den ordin\u00e6re generalforsamling skal omfatte:<\/p>\n\n\n\n<ol class=\"wp-block-list\" type=\"1\">\n<li>Valg af dirigent.<\/li>\n\n\n\n<li>Pr\u00e6sidentens beretning.<\/li>\n\n\n\n<li>Freml\u00e6ggelse af revideret regnskab og fasts\u00e6ttelse af kontingent.<\/li>\n\n\n\n<li>Indkomne forslag.<\/li>\n\n\n\n<li>Valg af bestyrelse m.m. i henhold til \u00a7 6.<\/li>\n\n\n\n<li>Valg af bilagskontrollant og bilagskontrollantsuppleant.<\/li>\n\n\n\n<li>Eventuelt.<\/li>\n<\/ol>\n\n\n\n<p>Forslag, der \u00f8nskes behandlet p\u00e5 generalforsamlingen, skal v\u00e6re pr\u00e6sidenten i h\u00e6nde senest&nbsp;8 dage f\u00f8r generalforsamlingens afholdelse.<\/p>\n\n\n\n<p>Ekstraordin\u00e6r generalforsamling kan indkaldes, hvis et flertal i bestyrelsen finder det forn\u00f8dent, eller hvis mindst 11 af foreningens medlemmer med angivelse af dagsorden skriftligt stiller krav om det.<\/p>\n\n\n\n<p><strong>\u00a7 6<\/strong><\/p>\n\n\n\n<p>Stemmeberettigede er alle medlemmer, som ikke har kontingentrestance.<\/p>\n\n\n\n<p>Bestyrelsen best\u00e5r af:<\/p>\n\n\n\n<p>1 pr\u00e6sident, 1 kasserer, 1 sekret\u00e6r samt 4 medlemmer.<\/p>\n\n\n\n<p>Alle valg er for 2 \u00e5r.<\/p>\n\n\n\n<p>Valg af pr\u00e6sident foretages s\u00e6rskilt p\u00e5 generalforsamlingen.<\/p>\n\n\n\n<p>I ulige \u00e5r er pr\u00e6sidenten og 3 bestyrelsesmedlemmer p\u00e5 valg.<\/p>\n\n\n\n<p>I lige \u00e5r er de 3 andre bestyrelsesmedlemmer p\u00e5 valg.<\/p>\n\n\n\n<p>Der v\u00e6lges 1 bestyrelsessuppleant, som er p\u00e5 valg hvert \u00e5r.<\/p>\n\n\n\n<p>Alle valg afg\u00f8res ved simpelt flertal, og hvis der frems\u00e6ttes \u00f8nske herom, skal afstemningen v\u00e6re skriftlig.<\/p>\n\n\n\n<p>Der kan ikke i forbindelse med afstemninger efter \u00a7 6 stemmes via fuldmagt.<\/p>\n\n\n\n<p>Bestyrelsen konstituerer sig p\u00e5 1. bestyrelsesm\u00f8de efter generalforsamlingen.<\/p>\n\n\n\n<p><strong>\u00a7 7<\/strong><\/p>\n\n\n\n<p>Generalforsamlingen v\u00e6lger 1 bilagskontrollant og 1 bilagskontrollantsuppleant. bilagskontrollanten er p\u00e5 valg i lige \u00e5r og bilagskontrollantsuppleanten i ulige \u00e5r.<\/p>\n\n\n\n<p>Bilagskontrollanten kan foretage uanmeldt kasseeftersyn.<\/p>\n\n\n\n<p><strong>\u00a7 8<\/strong><\/p>\n\n\n\n<p>Spilleudvalg og andre udvalg udpeges af bestyrelsen.<\/p>\n\n\n\n<p><strong>4. Bestyrelsen.<\/strong><\/p>\n\n\n\n<p><strong>\u00a7 9<\/strong><\/p>\n\n\n\n<p>Bestyrelsesm\u00f8de indkaldes af pr\u00e6sidenten, og skal indkaldes n\u00e5r mindst 3 bestyrelsesmedlemmer beg\u00e6rer det. Bestyrelsen er beslutningsdygtig, n\u00e5r mindst 4 af dens medlemmer, deriblandt pr\u00e6sidenten, er til stede. Beslutninger tages ved simpelt flertal. I tilf\u00e6lde af stemmelighed g\u00f8r pr\u00e6sidentens stemme udslaget.<\/p>\n\n\n\n<p>Pr\u00e6sidenten og kassereren kan hver is\u00e6r tegne klubben.<\/p>\n\n\n\n<p>Bestyrelsen kan tildele et andet bestyrelsesmedlem bemyndigelse til at tegne klubben.<\/p>\n\n\n\n<p>S\u00e5fremt bestyrelsesmedlemmer tr\u00e6kker sig i utide, kan bestyrelsen supplere sig ind til n\u00e6ste generalforsamling.<\/p>\n\n\n\n<p><strong>5. \u00d8konomi og h\u00e6ftelse.<\/strong><\/p>\n\n\n\n<p><strong>\u00a7 10<\/strong><\/p>\n\n\n\n<p>For medlemskab af Dansk XL Cricket Club opkr\u00e6ves kontingent. Kontingentets st\u00f8rrelse fasts\u00e6ttes af generalforsamlingen efter indstilling fra bestyrelsen. Opkr\u00e6vningsm\u00e5de og -terminer fasts\u00e6ttes af bestyrelsen. Medlemmerne har pligt til selv at indbetale kontingent til kassereren.<\/p>\n\n\n\n<p>Har et medlem udover 2 \u00e5rs kontingentrestance, har bestyrelsen ret til at slette vedkommende som medlem.<\/p>\n\n\n\n<p>Bestyrelsen kan i s\u00e6rlige tilf\u00e6lde acceptere anmodning om livsvarigt medlemskab for spillere over 65 \u00e5r. For et s\u00e5dant medlemskab betales et engangskontingent, der fasts\u00e6ttes af bestyrelsen. I&nbsp; helt specielle tilf\u00e6lde kan bestyrelsen udvide livsvarigt medlemskab til ogs\u00e5 at omfatte andre personer.<\/p>\n\n\n\n<p>Regnskabs\u00e5ret g\u00e5r fra 1. januar til 31. december. Kopier af regnskabet skal foreligge til den \u00e5rlige generalforsamling. <strong><em><\/em><\/strong><\/p>\n\n\n\n<p>Dansk XL Cricket Club h\u00e6fter for sine forpligtelser med den af klubben til enhver tid tilh\u00f8rende formue. Der p\u00e5hviler ikke foreningens medlemmer eller bestyrelsen nogen personlig h\u00e6ftelse.<\/p>\n\n\n\n<p><strong>6. Lov\u00e6ndringer.<\/strong><\/p>\n\n\n\n<p><strong>\u00a7 11<\/strong><\/p>\n\n\n\n<p>Forandringer i disse love kan kun ske p\u00e5 generalforsamlingen. Forslag til lov\u00e6ndringer skal v\u00e6re bestyrelsen i h\u00e6nde senest 8 dage f\u00f8r generalforsamlingens afholdelse, og til vedtagelse kr\u00e6ves, at mindst 10% af klubbens medlemmer er til stede, og at mindst 2\/3 af de tilstedev\u00e6rende stemmer for forslaget.<\/p>\n\n\n\n<p><strong>7. Opl\u00f8sning.<\/strong><\/p>\n\n\n\n<p><strong>\u00a7 12<\/strong><\/p>\n\n\n\n<p>Klubben kan ikke opl\u00f8ses, s\u00e5 l\u00e6nge 11 medlemmer \u00f8nsker dens best\u00e5en. Beslutning om dens opl\u00f8sning kan kun tages under iagttagelse af bestemmelserne i \u00a7 11.<\/p>\n\n\n\n<p>Opl\u00f8sning kan kun ske efter en tilsvarende beslutning om opl\u00f8sning p\u00e5 en ekstraordin\u00e6r generalforsamling med dette som eneste punkt. Denne ekstraordin\u00e6re generalforsamling skal afholdes h\u00f8jst 30 dage efter vedtagelse af opl\u00f8sningen.<\/p>\n\n\n\n<p>I tilf\u00e6lde af klubbens opl\u00f8sning skal dens eventuelle formue og materialer i en 10 \u00e5ring periode, forvaltes af Dansk Cricket-Forbund, og overlades en kommende XL Cricket Club. Hvis der ikke inden for denne periode er mulighed for oprettelse af en ny&nbsp; XL Club, skal midlerne tilfalde Dansk Cricket-Forbund.<\/p>\n\n\n\n<h3 class=\"wp-block-heading\"><strong>N\u00e6rv\u00e6rende vedt\u00e6gter tr\u00e6der i kraft umiddelbart efter vedtagelsen.<\/strong><\/h3>\n\n\n\n<p><strong>S\u00e5ledes vedtaget p\u00e5 den ordin\u00e6re generalforsamling s\u00f8ndag den 20. september 2014 i Fredericia Cricketklub.<\/strong><\/p>\n\n\n\n<p>Dansk XL Cricket Clubs bestyrelse den 20. september 2014.<\/p>\n\n\n\n<p><em>Kurt \u00d8stergaard&nbsp;&nbsp;&nbsp;&nbsp;&nbsp;&nbsp;&nbsp;&nbsp;&nbsp;&nbsp;&nbsp;&nbsp;&nbsp;&nbsp;&nbsp;&nbsp; &nbsp;&nbsp;&nbsp;&nbsp;&nbsp;&nbsp;&nbsp;&nbsp;&nbsp;&nbsp;&nbsp;&nbsp;&nbsp;&nbsp;&nbsp;&nbsp;&nbsp;&nbsp;&nbsp;&nbsp;&nbsp; Steffen Meibom&nbsp;&nbsp;&nbsp;&nbsp;&nbsp;&nbsp;&nbsp;&nbsp;&nbsp;&nbsp;&nbsp;&nbsp;&nbsp;&nbsp;&nbsp;&nbsp;&nbsp;&nbsp;&nbsp;&nbsp;&nbsp;&nbsp;&nbsp;&nbsp;&nbsp;&nbsp;&nbsp;&nbsp;&nbsp;&nbsp;&nbsp;&nbsp;&nbsp;&nbsp;&nbsp;&nbsp;&nbsp;&nbsp;&nbsp;&nbsp; Kjeld Lyngs\u00f8<\/em><\/p>\n\n\n\n<p>Pr\u00e6sident &nbsp;&nbsp;&nbsp;&nbsp;&nbsp;&nbsp;&nbsp;&nbsp;&nbsp;&nbsp;&nbsp;&nbsp;&nbsp;&nbsp;&nbsp;&nbsp;&nbsp;&nbsp;&nbsp;&nbsp;&nbsp;&nbsp;&nbsp;&nbsp;&nbsp;&nbsp;&nbsp;&nbsp;&nbsp;&nbsp;&nbsp;&nbsp;&nbsp;&nbsp;&nbsp;&nbsp;&nbsp;&nbsp;&nbsp;&nbsp;&nbsp;&nbsp;&nbsp;&nbsp;&nbsp;&nbsp;&nbsp; Kasserer &nbsp;&nbsp;&nbsp;&nbsp;&nbsp;&nbsp;&nbsp;&nbsp;&nbsp;&nbsp;&nbsp;&nbsp;&nbsp;&nbsp;&nbsp;&nbsp;&nbsp;&nbsp;&nbsp;&nbsp;&nbsp;&nbsp;&nbsp;&nbsp;&nbsp;&nbsp;&nbsp;&nbsp;&nbsp;&nbsp;&nbsp;&nbsp;&nbsp;&nbsp;&nbsp;&nbsp;&nbsp;&nbsp;&nbsp;&nbsp;&nbsp;&nbsp;&nbsp;&nbsp;&nbsp;&nbsp;&nbsp;&nbsp;&nbsp;&nbsp; Sekret\u00e6r<\/p>\n\n\n\n<p><em>Paul Clarke &nbsp;&nbsp;&nbsp;&nbsp;&nbsp;&nbsp;&nbsp;&nbsp;&nbsp;&nbsp;&nbsp;&nbsp;&nbsp;&nbsp;&nbsp;&nbsp;&nbsp;&nbsp;&nbsp;&nbsp;&nbsp;&nbsp; Jan Rasmussen&nbsp;&nbsp;&nbsp;&nbsp;&nbsp;&nbsp;&nbsp;&nbsp;&nbsp;&nbsp;&nbsp;&nbsp;&nbsp;&nbsp;&nbsp;&nbsp;&nbsp;&nbsp; J\u00f8rgen Nielsen&nbsp;&nbsp;&nbsp;&nbsp;&nbsp;&nbsp;&nbsp;&nbsp;&nbsp;&nbsp;&nbsp;&nbsp;&nbsp;&nbsp;&nbsp;&nbsp;&nbsp;&nbsp;&nbsp; Claus Rasth\u00f8j<\/em><\/p>\n\n\n\n<p>Bestyrelsesmedlem &nbsp;&nbsp;&nbsp;&nbsp;&nbsp;&nbsp;&nbsp;&nbsp;&nbsp;&nbsp;&nbsp; Bestyrelsesmedlem &nbsp;&nbsp;&nbsp;&nbsp;&nbsp;&nbsp;&nbsp;&nbsp;&nbsp;&nbsp;&nbsp; Bestyrelsesmedlem&nbsp;&nbsp;&nbsp;&nbsp;&nbsp;&nbsp;&nbsp;&nbsp;&nbsp;&nbsp;&nbsp;&nbsp; Bestyrelsesmedlem<\/p>\n","protected":false},"excerpt":{"rendered":"<p>FORTY Cricket Club&nbsp; Medlem af Dansk Cricket-Forbund siden 1963 Den 20. september 2014 VEDT\u00c6GTER. 1. Navn og form\u00e5l. \u00a7 1 Klubbens navn er Dansk XL Cricket Club \u2013 og klubbens adresse er pr\u00e6sidentens. Klubben er stiftet den 8. september 1963. <a href=\"https:\/\/forty.dk\/?page_id=47\" class=\"read-more\">L\u00c6S MERE &#8230;<\/a><\/p>\n","protected":false},"author":1,"featured_media":0,"parent":0,"menu_order":0,"comment_status":"closed","ping_status":"closed","template":"","meta":{"footnotes":""},"class_list":["post-47","page","type-page","status-publish","hentry"],"_links":{"self":[{"href":"https:\/\/forty.dk\/index.php?rest_route=\/wp\/v2\/pages\/47","targetHints":{"allow":["GET"]}}],"collection":[{"href":"https:\/\/forty.dk\/index.php?rest_route=\/wp\/v2\/pages"}],"about":[{"href":"https:\/\/forty.dk\/index.php?rest_route=\/wp\/v2\/types\/page"}],"author":[{"embeddable":true,"href":"https:\/\/forty.dk\/index.php?rest_route=\/wp\/v2\/users\/1"}],"replies":[{"embeddable":true,"href":"https:\/\/forty.dk\/index.php?rest_route=%2Fwp%2Fv2%2Fcomments&post=47"}],"version-history":[{"count":2,"href":"https:\/\/forty.dk\/index.php?rest_route=\/wp\/v2\/pages\/47\/revisions"}],"predecessor-version":[{"id":186,"href":"https:\/\/forty.dk\/index.php?rest_route=\/wp\/v2\/pages\/47\/revisions\/186"}],"wp:attachment":[{"href":"https:\/\/forty.dk\/index.php?rest_route=%2Fwp%2Fv2%2Fmedia&parent=47"}],"curies":[{"name":"wp","href":"https:\/\/api.w.org\/{rel}","templated":true}]}}