{"id":527,"date":"2023-02-14T10:00:27","date_gmt":"2023-02-14T10:00:27","guid":{"rendered":"https:\/\/forty.dk\/?page_id=527"},"modified":"2023-02-17T11:06:51","modified_gmt":"2023-02-17T11:06:51","slug":"firkantturneringen-2023","status":"publish","type":"page","link":"https:\/\/forty.dk\/?page_id=527","title":{"rendered":"Firkantturneringen 2023"},"content":{"rendered":"\n<figure class=\"wp-block-image size-full\"><img loading=\"lazy\" decoding=\"async\" width=\"288\" height=\"89\" src=\"http:\/\/forty.dk\/wp-content\/uploads\/2023\/01\/4-logoer.jpg\" alt=\"\" class=\"wp-image-7\"\/><\/figure>\n\n\n\n<p><\/p>\n\n\n\n<p><strong>FIRKANTTURNERING I HOLLAND I UGE 29 &#8211; 2023<\/strong><\/p>\n\n\n\n<p>(In English below)<\/p>\n\n\n\n<p>Nu er det tid at melde sig til firkantturneringen i Holland i uge 29. <\/p>\n\n\n\n<p>Turneringen afvikles i <strong>Utrecht<\/strong> p\u00e5 <strong>Kampong CC\u2019s baner<\/strong>.<\/p>\n\n\n\n<p>N\u00e5r I melder jer til, sender jeg yderligere information.<\/p>\n\n\n\n<p>Jeg h\u00e5ber du vil med. I s\u00e5 fald vil jeg bede dig<\/p>\n\n\n\n<p>1.&nbsp;<strong>Give besked til mig om din og evt. ledsagers deltagelse inden den 20. marts 2023<\/strong>&nbsp;som er den dato, der er sat af holl\u00e6nderne af hensyn til hotelreservation. N\u00e5r jeg har overblik over deltagere og behov for hotelv\u00e6relser, giver jeg Jan Willem besked, hvorefter I selv booker v\u00e6relserne. Hotellet kr\u00e6ver ikke depositum, s\u00e5 I skal f\u00f8rst betale ved afrejse. Som I kan se, er priserne <strong>95 euro pr. nat for et dobbeltv\u00e6relse;<\/strong> 85 euro for et enkeltv\u00e6relse.<\/p>\n\n\n\n<p>2. <strong>Indbetale turneringsfee<\/strong>\u00a0(d\u00e6kker alle de sociale arrangementer, m\u00e5ltider, mv omkring kampene) p\u00e5 <strong>175 euro<\/strong> for spillere og <strong>135 euro<\/strong> for ikke-spillere til Fortys kasserer Birgitte \u00d8stergaard <strong>inden 1. juni 2023<\/strong>. (<em>Reg. nr. 2440 Konto nr. 5980002642<\/em>)<\/p>\n\n\n\n<p>3. Begynde at gl\u00e6de dig til turen.<\/p>\n\n\n\n<p>Transport til Holland s\u00f8rger vi hver is\u00e6r for selv at arrangere. Der m\u00e5 v\u00e6re rige muligheder for at aftale samk\u00f8rsel, t\u00e6nker jeg.<\/p>\n\n\n\n<p>Mvh<\/p>\n\n\n\n<p>Ole Helmersen<\/p>\n\n\n\n<p><a href=\"mailto:Oh.msc@cbs.dk\" target=\"_blank\" rel=\"noreferrer noopener\">Oh.msc@cbs.dk<\/a><\/p>\n\n\n\n<p>Phone 40262342<\/p>\n\n\n\n\n\n<p><strong>QUADRANGULAR TOURNAMENT IN HOLLAND IN WEEK 29<\/strong><\/p>\n\n\n\n<p>Now it is time to register for the Q4 tournament in Holland in week 29. The tournament will be played in Utrecht, Kampong CC.<\/p>\n\n\n\n<p>I attach information received from the Dutch organizers.<\/p>\n\n\n\n<p>I hope that you will want to participate. If so, please:<\/p>\n\n\n\n<p>1.&nbsp;<strong>Notify me about your (and accompanying partner\u2019s where relevant) participation by 20th March.&nbsp;<\/strong>When I know who will join the tour, I\u2019ll inform Jan Willem about our hotel needs after which you book the rooms directly with the hotel yourselves. The hotel will not require a deposit so you pay when you leave. Hotel prices: 95 euros per night for a double; 85 euros for a single room.<\/p>\n\n\n\n<p>2.&nbsp;<strong>Pay the tournament fee&nbsp;<\/strong>(covering all social event, meals) to Danish XL (Birgitte \u00d8stergaard) by 1 June. After that we transfer en bloc for all. Prices:175 euros for players; 135 euros for non-players.<\/p>\n\n\n\n<p>3. Start looking forward to the tour.<\/p>\n\n\n\n<p>It is your own responsibility to arrange transport to Holland. There will most likely be ample opportunity to organize this on a \u2018fill-up cars\u2019 basis from the various locations in Denmark we come from.<\/p>\n\n\n\n<p>Best wishes<\/p>\n\n\n\n<p>Ole Helmersen<\/p>\n\n\n\n<p><a href=\"mailto:Oh.msc@cbs.dk\" target=\"_blank\" rel=\"noreferrer noopener\">Oh.msc@cbs.dk<\/a><\/p>\n\n\n\n<p>Phone 40262342<\/p>\n\n\n\n<p>Med gode crickethilsner<\/p>\n\n\n\n<figure class=\"wp-block-image size-full\"><img loading=\"lazy\" decoding=\"async\" width=\"108\" height=\"135\" src=\"http:\/\/forty.dk\/wp-content\/uploads\/2023\/01\/ole-helmersen.jpg\" alt=\"\" class=\"wp-image-88\"\/><\/figure>\n\n\n\n<p><strong><em><a href=\"https:\/\/www.facebook.com\/groups\/1304986046249053\/user\/100000421711617\/?__cft__[0]=AZUkTlxDCgEg4tZEO5waJbJUF7W0MN4XTL6ooV4bwdW3tFwaCWkNFQ0teOVzFu6ynQXpcq1tAx1MBHJ4nQTZMi1cTdjxUMUqE-1ou8XzXd4iyckT4TlbzX0IaUhFYdq8O_00KNudlW1XX5H9bKvjqWwbOP707hmBOhSJEerk8U-M0Prdk2EDx8KeWpgVtx9sGJY&amp;__cft__[1]=AZUkTlxDCgEg4tZEO5waJbJUF7W0MN4XTL6ooV4bwdW3tFwaCWkNFQ0teOVzFu6ynQXpcq1tAx1MBHJ4nQTZMi1cTdjxUMUqE-1ou8XzXd4iyckT4TlbzX0IaUhFYdq8O_00KNudlW1XX5H9bKvjqWwbOP707hmBOhSJEerk8U-M0Prdk2EDx8KeWpgVtx9sGJY&amp;__tn__=-]K-R]-R\">Ole Helmersen<\/a> <\/em><\/strong><\/p>\n\n\n\n<p>Pr\u00e6sident<\/p>\n\n\n\n<p><\/p>\n\n\n\n<div style=\"height:100px\" aria-hidden=\"true\" class=\"wp-block-spacer\"><\/div>\n\n\n\n<div class=\"wp-block-media-text alignwide is-stacked-on-mobile\" style=\"grid-template-columns:33% auto\"><figure class=\"wp-block-media-text__media\"><img decoding=\"async\" src=\"http:\/\/forty.dk\/wp-content\/uploads\/2023\/01\/IMG_6042-1024x768.jpg\" alt=\"\" class=\"wp-image-342 size-full\"\/><\/figure><div class=\"wp-block-media-text__content\">\n<p><a href=\"https:\/\/www.facebook.com\/groups\/1304986046249053\/user\/100001067964984\/?__cft__[0]=AZUkTlxDCgEg4tZEO5waJbJUF7W0MN4XTL6ooV4bwdW3tFwaCWkNFQ0teOVzFu6ynQXpcq1tAx1MBHJ4nQTZMi1cTdjxUMUqE-1ou8XzXd4iyckT4TlbzX0IaUhFYdq8O_00KNudlW1XX5H9bKvjqWwbOP707hmBOhSJEerk8U-M0Prdk2EDx8KeWpgVtx9sGJY&amp;__tn__=R]-R\">Duco Ohm<\/a><\/p>\n\n\n\n<p>Looking forward meeting my Danish friends in Utrecht in week 29<\/p>\n<\/div><\/div>\n","protected":false},"excerpt":{"rendered":"<p>FIRKANTTURNERING I HOLLAND I UGE 29 &#8211; 2023 (In English below) Nu er det tid at melde sig til firkantturneringen i Holland i uge 29. Turneringen afvikles i Utrecht p\u00e5 Kampong CC\u2019s baner. N\u00e5r I melder jer til, sender jeg <a href=\"https:\/\/forty.dk\/?page_id=527\" class=\"read-more\">L\u00c6S MERE &#8230;<\/a><\/p>\n","protected":false},"author":1,"featured_media":0,"parent":0,"menu_order":0,"comment_status":"closed","ping_status":"closed","template":"","meta":{"footnotes":""},"class_list":["post-527","page","type-page","status-publish","hentry"],"_links":{"self":[{"href":"https:\/\/forty.dk\/index.php?rest_route=\/wp\/v2\/pages\/527","targetHints":{"allow":["GET"]}}],"collection":[{"href":"https:\/\/forty.dk\/index.php?rest_route=\/wp\/v2\/pages"}],"about":[{"href":"https:\/\/forty.dk\/index.php?rest_route=\/wp\/v2\/types\/page"}],"author":[{"embeddable":true,"href":"https:\/\/forty.dk\/index.php?rest_route=\/wp\/v2\/users\/1"}],"replies":[{"embeddable":true,"href":"https:\/\/forty.dk\/index.php?rest_route=%2Fwp%2Fv2%2Fcomments&post=527"}],"version-history":[{"count":4,"href":"https:\/\/forty.dk\/index.php?rest_route=\/wp\/v2\/pages\/527\/revisions"}],"predecessor-version":[{"id":546,"href":"https:\/\/forty.dk\/index.php?rest_route=\/wp\/v2\/pages\/527\/revisions\/546"}],"wp:attachment":[{"href":"https:\/\/forty.dk\/index.php?rest_route=%2Fwp%2Fv2%2Fmedia&parent=527"}],"curies":[{"name":"wp","href":"https:\/\/api.w.org\/{rel}","templated":true}]}}