{"id":810,"date":"2023-06-18T18:47:25","date_gmt":"2023-06-18T18:47:25","guid":{"rendered":"https:\/\/forty.dk\/?page_id=810"},"modified":"2023-07-17T12:01:36","modified_gmt":"2023-07-17T12:01:36","slug":"jubilaeumsskrifter","status":"publish","type":"page","link":"https:\/\/forty.dk\/?page_id=810","title":{"rendered":"Jubil\u00e6umsskrifter"},"content":{"rendered":"\n<p><\/p>\n\n\n<div class=\"wp-block-image\">\n<figure class=\"aligncenter size-full\"><img loading=\"lazy\" decoding=\"async\" width=\"271\" height=\"140\" src=\"https:\/\/forty.dk\/wp-content\/uploads\/2023\/06\/Jubilaeum.jpg\" alt=\"\" class=\"wp-image-823\"\/><\/figure>\n<\/div>\n\n\n<p>Link til <\/p>\n\n\n\n<p><a href=\"http:\/\/forty.dk\/wp-content\/uploads\/2023\/06\/Forty-25-aars-skrift.pdf\"><strong>Fortys 25 \u00e5rs Jubil\u00e6umsskrift<\/strong><\/a><\/p>\n\n\n\n<p><strong><a href=\"http:\/\/forty.dk\/wp-content\/uploads\/2023\/07\/Forty-40-aars-Jubilaeumsskrift.pdf\">Fortys 40 \u00e5rs Jubil\u00e6umsskrift<\/a><\/strong><\/p>\n\n\n\n<p><\/p>\n\n\n\n<p><\/p>\n","protected":false},"excerpt":{"rendered":"<p>Link til Fortys 25 \u00e5rs Jubil\u00e6umsskrift Fortys 40 \u00e5rs Jubil\u00e6umsskrift<\/p>\n","protected":false},"author":1,"featured_media":0,"parent":0,"menu_order":0,"comment_status":"closed","ping_status":"closed","template":"","meta":{"footnotes":""},"class_list":["post-810","page","type-page","status-publish","hentry"],"_links":{"self":[{"href":"https:\/\/forty.dk\/index.php?rest_route=\/wp\/v2\/pages\/810","targetHints":{"allow":["GET"]}}],"collection":[{"href":"https:\/\/forty.dk\/index.php?rest_route=\/wp\/v2\/pages"}],"about":[{"href":"https:\/\/forty.dk\/index.php?rest_route=\/wp\/v2\/types\/page"}],"author":[{"embeddable":true,"href":"https:\/\/forty.dk\/index.php?rest_route=\/wp\/v2\/users\/1"}],"replies":[{"embeddable":true,"href":"https:\/\/forty.dk\/index.php?rest_route=%2Fwp%2Fv2%2Fcomments&post=810"}],"version-history":[{"count":8,"href":"https:\/\/forty.dk\/index.php?rest_route=\/wp\/v2\/pages\/810\/revisions"}],"predecessor-version":[{"id":872,"href":"https:\/\/forty.dk\/index.php?rest_route=\/wp\/v2\/pages\/810\/revisions\/872"}],"wp:attachment":[{"href":"https:\/\/forty.dk\/index.php?rest_route=%2Fwp%2Fv2%2Fmedia&parent=810"}],"curies":[{"name":"wp","href":"https:\/\/api.w.org\/{rel}","templated":true}]}}