{"id":99,"date":"2023-01-24T09:38:06","date_gmt":"2023-01-24T09:38:06","guid":{"rendered":"https:\/\/forty.dk\/?page_id=99"},"modified":"2023-01-24T09:38:06","modified_gmt":"2023-01-24T09:38:06","slug":"fredberg-motensen-20-aars-jubilaeum","status":"publish","type":"page","link":"https:\/\/forty.dk\/?page_id=99","title":{"rendered":"Fredberg Motensen &#8211; 20 \u00e5rs jubil\u00e6um"},"content":{"rendered":"\n<h2 class=\"wp-block-heading\"><strong>Et 20 \u00e5rs jubil\u00e6um, der havde alt<\/strong><\/h2>\n\n\n\n<p><em>Af Peter Fredberg<\/em><\/p>\n\n\n\n<p>S\u00e5 oprandt den dag, hvor&nbsp;<strong>Mortensen Legends-Fredberg All Stars<\/strong>&nbsp;skulle spilles for 20. gang. I et jubil\u00e6umsskrift p\u00e5 80 sider, \u201dLegenderne og stjernerne\u201d, havde vi talt ned til kampen med diverse historier om matchens koryf\u00e6er og mange andre ting. Man vil forst\u00e5, at den historiske begivenhed p\u00e5 ABs traditionsrige bane havde f\u00e5et alt, hvad den kunne tr\u00e6kke. Det manglede bare.<br>Ser vi lige bort fra den detalje, at vi i en lang og varm solskinsperiode pludselig l\u00f8b ind i en dag med regn over Bagsv\u00e6rd, s\u00e5 vi n\u00f8dtvunget m\u00e5tte sk\u00e6re distancen ned fra 25 til 12 overs, ja, s\u00e5 var det en fremragende dag.<br>P\u00e5 tilskuerpladserne hyggede ni tidligere landsholdsspillere sig og var med til at skabe stemning og styrke den \u00e5nd, der kendetegner matchen. Og tredje inning omkring et veld\u00e6kket bord i ABs restaurant med Ole Stan Mortensen i topform, diverse taler og k\u00e5ringen af \u00e5rets modtager af PR-battet var den perfekte m\u00e5de at afslutte dagen p\u00e5.<br><strong>Hvordan gik det s\u00e5 p\u00e5 banen? Blev de v\u00e5de, spillerne? Ja, dyngv\u00e5de, men det regnede nu ikke hele tiden. Hvem vandt? Fredberg All Stars. Til en afveksling.<\/strong><br>Mortensen Legends gik f\u00f8rst til pindene og scorede 75 point for fire fald p\u00e5 de 12 overs. Kosmopolitten og racerk\u00f8reren Philip Lewis scorede 24 point og hestemass\u00f8ren og hardhitteren Wayne Ackerman 20 point.<br>Fredberg All Stars svarede igen med 79 point for fem med Thomas Gerdes som topscorer med 24 point. Ross Gammon scorede 15 not out og Ian Moore 11. Glenn Larsen var bedste kaster med to for syv.<br>Under kampen havde jeg en snak med AaBs legendariske \u00e5bningsg\u00e6rde, Hardy S\u00f8rensen, 78. Han gik i klassen over mig p\u00e5 Hobrovejens Skole i Aalborg. Johan Luther gik i klassen under mig.<br>Hardy kom med tog fra den nordjyske hovedstad. Som han siger: \u201dJeg elsker at snakke om gamle dage og se gamle venner.\u201d<br>Mens legenderne og stjernerne tryllede p\u00e5 ABs gr\u00e6s, mindedes han med smil p\u00e5 l\u00e6ben en kamp p\u00e5 den samme bane for 50 \u00e5r siden. Den elegante og teknisk begavede lefthander spillede utvivlsomt sit livs kamp, da Danmark efter 17 \u00e5r uden sejre i 1972 slog storfavoritterne fra Holland og vandt sin f\u00f8rste landskampsejr.<br>\u201dJeg husker det, som var det i g\u00e5r. Ogs\u00e5 den firer, jeg slog p\u00e5 kampens sidste bold. De var ude og lede efter den mellem tr\u00e6erne derovre,\u201d siger han og peger over p\u00e5 den modsatte side af pitchen.<br>Danmark med Henrik Mortensen og Carsten Morild som de store kastere havde ryddet holl\u00e6nderne for 78 point i f\u00f8rste inning i todageskampen. Hardy \u00e5bnede derefter sammen med Johan Luther og blev ved g\u00e6rdet i hele halvlegen. Han gik not out med 96 point, da det tiende danske g\u00e6rde faldt ved totalen 251.<br>Holl\u00e6nderne var klart bedre med i anden inning og undgik at tabe med en halvleg. Danmark skulle nu score beskedne otte point for at vinde kampen og havde et helt hold og det meste af dagen til at s\u00e6tte prikken over i\u2019et. \u00c5bningsparret var igen Johan og Hardy. Johan bankede den f\u00f8rste firer af sted, og da det var Hardys tur, blev det sidste s\u00f8m sl\u00e5et i den hollandske kiste.<br>\u201dDet var sjovt at v\u00e6re inde i hele kampen, men det havde selvf\u00f8lgelig v\u00e6ret sjovere, hvis jeg havde f\u00e5et mit century. Det vigtigste var, at vi vandt. Vi var stolte. Jeg kan huske, at det var et fantastisk cricketvejr. Noget bedre end i dag,\u201d siger Hardy og peger ud mod en h\u00e5ndfuld regnv\u00e5de spillere.<br>Under kampen gik snakken livligt mellem de gamle landsholdsspillere Hardy S\u00f8rensen, Klaus Buus, Johan Luther, Mogens Seider, Allan From, Bent Rossen, Finn Villumsen, J\u00f8rgen Holmen og Dorte Kj\u00f8ller.<br>Dorte har syv gange vundet DM-guld med AB, og jeg har Johans ord for, at hun er en fremragende bowler. Han s\u00e5 det p\u00e5 en AB-tur til Kenya. Hvorfor har vi i \u00f8vrigt aldrig haft en kvindelig spiller med i matchen Legends-All Stars?<br>Et af \u00e5rets highlights er uddelingen af&nbsp;<strong>PR-battet<\/strong>, og Ole Stan Mortensen kunne under massive klapsalver overr\u00e6kke battet til keeperen og advokaten&nbsp;<strong>Michael Goeskj\u00e6r.<\/strong>&nbsp;Det var tydeligt, at den lille komit\u00e9 havde haft en heldig h\u00e5nd med i udv\u00e6lgelsen.<br>P\u00e5 Viking-turen til Derbyshire var Michael s\u00e5 uheldig at br\u00e6kke en finger i den n\u00e6stsidste af de fem kampe, men selvf\u00f8lgelig ville han ikke g\u00e5 glip af jubil\u00e6umskampen, s\u00e5 han agerede en myndig dommer.<br>\u201dJeg troede kun, at fingeren var forstuvet. F\u00f8rst fire uger efter, at vi var kommet hjem, blev det konstateret, at der var tale om brud,\u201d siger han og tilf\u00f8jer:<br>\u201dAt f\u00e5 PR-battet og komme i selskab med de spillere, der har f\u00e5et deres navne p\u00e5 battet, er en stor \u00e6re.\u201d<br>Michael Goeskj\u00e6r er f\u00f8dt i Sor\u00f8 og har spillet cricket, siden han gik i 6. klasse. Han er student fra Sor\u00f8 Akademi og spiller selvf\u00f8lgelig i dag i Soranerne p\u00e5 Gentofte Stadion. Fire gange har han v\u00e6ret med p\u00e5 Stan Mortensens Viking-ture rundt om p\u00e5 verdenskortet.<br>I bogen \u201dLegenderne og stjernerne\u201d siger han: \u201dDer skal ikke herske tvivl om, at cricket er medvirkende til, at jeg holder mig forholdsvis ung. Der er rigtig mange facetter i spillet, ligesom det sociale samv\u00e6r med en flok yderst behagelige personer har stor v\u00e6rdi for mig og giver tilv\u00e6relsen et ekstra pift.\u201d<br>Hvad mange sikkert ikke ved, har Michael Goeskj\u00e6r i sm\u00e5 20 \u00e5r siddet i Dansk Cricket-Forbunds amat\u00f8r- og ordensudvalg.<br>Ole Christiansen blev hyldet af Ole Stan Mortensen for sin id\u00e9 til \u00e5rets jubil\u00e6umsskrift og fik overrakt et indrammet foto til oph\u00e6ngning i hjemmet en Wayne Ackerman-sekser fra K\u00f8ge Bugt. Og den tidligere Forty-pr\u00e6sident overraskede Mortensen og Fredberg med at give dem hver et indbundet eksemplar af \u201dLegenderne og stjernerne\u201d.<\/p>\n","protected":false},"excerpt":{"rendered":"<p>Et 20 \u00e5rs jubil\u00e6um, der havde alt Af Peter Fredberg S\u00e5 oprandt den dag, hvor&nbsp;Mortensen Legends-Fredberg All Stars&nbsp;skulle spilles for 20. gang. I et jubil\u00e6umsskrift p\u00e5 80 sider, \u201dLegenderne og stjernerne\u201d, havde vi talt ned til kampen med diverse historier <a href=\"https:\/\/forty.dk\/?page_id=99\" class=\"read-more\">L\u00c6S MERE &#8230;<\/a><\/p>\n","protected":false},"author":1,"featured_media":0,"parent":0,"menu_order":0,"comment_status":"closed","ping_status":"closed","template":"","meta":{"footnotes":""},"class_list":["post-99","page","type-page","status-publish","hentry"],"_links":{"self":[{"href":"https:\/\/forty.dk\/index.php?rest_route=\/wp\/v2\/pages\/99","targetHints":{"allow":["GET"]}}],"collection":[{"href":"https:\/\/forty.dk\/index.php?rest_route=\/wp\/v2\/pages"}],"about":[{"href":"https:\/\/forty.dk\/index.php?rest_route=\/wp\/v2\/types\/page"}],"author":[{"embeddable":true,"href":"https:\/\/forty.dk\/index.php?rest_route=\/wp\/v2\/users\/1"}],"replies":[{"embeddable":true,"href":"https:\/\/forty.dk\/index.php?rest_route=%2Fwp%2Fv2%2Fcomments&post=99"}],"version-history":[{"count":1,"href":"https:\/\/forty.dk\/index.php?rest_route=\/wp\/v2\/pages\/99\/revisions"}],"predecessor-version":[{"id":100,"href":"https:\/\/forty.dk\/index.php?rest_route=\/wp\/v2\/pages\/99\/revisions\/100"}],"wp:attachment":[{"href":"https:\/\/forty.dk\/index.php?rest_route=%2Fwp%2Fv2%2Fmedia&parent=99"}],"curies":[{"name":"wp","href":"https:\/\/api.w.org\/{rel}","templated":true}]}}